{"id":660,"date":"2014-06-05T13:39:53","date_gmt":"2014-06-05T12:39:53","guid":{"rendered":"https:\/\/www.hpo.fr\/?page_id=660"},"modified":"2020-10-19T15:46:14","modified_gmt":"2020-10-19T14:46:14","slug":"machines-additionnelles","status":"publish","type":"page","link":"https:\/\/www.hpo.fr\/hu\/solutions\/machines-additionnelles\/","title":{"rendered":"Tov\u00e1bbi g\u00e9peink"},"content":{"rendered":"<h3>A <strong> legjobb min\u0151s\u00e9g\u00a0<\/strong>biztos\u00edt\u00e1sa egy teljes k\u00f6r\u0171 szolg\u00e1ltat\u00e1s keret\u00e9n bel\u00fcl<\/h3>\n<h2 style=\"text-align: left;\">V\u00e9gmunk\u00e1l\u00e1s<\/h2>\n<p>A befejez\u0151 munk\u00e1latok pontos ismerete:\u00a0k\u00f6sz\u00f6r\u00fcl\u00e9s, menetmetsz\u00e9s, homokf\u00fav\u00e1s, szemcsesz\u00f3r\u00e1s, fel\u00fcletkezel\u00e9s, sorj\u00e1tlan\u00edt\u00e1s (rezg\u00e9s, rezg\u0151dobos), csiszol\u00e1s<\/p>\n<ul>\n<li>12 darabol\u00f3g\u00e9p<\/li>\n<li>12 hengerl\u0151g\u00e9p<\/li>\n<li>19 k\u00f6sz\u00f6r\u0171g\u00e9p (besz\u00far\u00f3, cs\u00facsn\u00e9lk\u00fcli)<\/li>\n<li>2\u00a0atmoszf\u00e9rikus h\u0151kezel\u0151 kemence a mikro darabokhoz<\/li>\n<\/ul>\n<p>Egy\u00fcttm\u0171k\u00f6d\u00e9s a h\u0151kezel\u00e9sben \u00e9s fel\u00fcletkezel\u00e9sben j\u00e1rtas besz\u00e1ll\u00edt\u00f3kkal<\/p>\n<ul style=\"list-style-type: disc; text-align: left;\">\n<li>G\u00e9pparkunk alkalmas saj\u00e1t v\u00e1g\u00f3eszk\u00f6zeink elk\u00e9sz\u00edt\u00e9s\u00e9re<\/li>\n<\/ul>\n<h2 style=\"text-align: left;\">Csomagol\u00e1s \u00e9s sz\u00e1ll\u00edt\u00e1s<\/h2>\n<ul style=\"list-style-type: disc; text-align: left;\">\n<li>Csomagol\u00e1s a vev\u0151i ig\u00e9nyek alapj\u00e1n<\/li>\n<li>Sz\u00e1ll\u00edt\u00e1s vil\u00e1gszerte<\/li>\n<\/ul>\n<p>&nbsp;<\/p>\n","protected":false},"excerpt":{"rendered":"<p>A legjobb min\u0151s\u00e9g\u00a0biztos\u00edt\u00e1sa egy teljes k\u00f6r\u0171 szolg\u00e1ltat\u00e1s keret\u00e9n bel\u00fcl V\u00e9gmunk\u00e1l\u00e1s A befejez\u0151 munk\u00e1latok pontos ismerete:\u00a0k\u00f6sz\u00f6r\u00fcl\u00e9s, menetmetsz\u00e9s, homokf\u00fav\u00e1s, szemcsesz\u00f3r\u00e1s, fel\u00fcletkezel\u00e9s, sorj\u00e1tlan\u00edt\u00e1s (rezg\u00e9s, rezg\u0151dobos), csiszol\u00e1s 12 darabol\u00f3g\u00e9p 12 hengerl\u0151g\u00e9p 19 k\u00f6sz\u00f6r\u0171g\u00e9p (besz\u00far\u00f3, cs\u00facsn\u00e9lk\u00fcli) 2\u00a0atmoszf\u00e9rikus h\u0151kezel\u0151 kemence a mikro darabokhoz Egy\u00fcttm\u0171k\u00f6d\u00e9s a h\u0151kezel\u00e9sben \u00e9s fel\u00fcletkezel\u00e9sben j\u00e1rtas besz\u00e1ll\u00edt\u00f3kkal G\u00e9pparkunk alkalmas saj\u00e1t v\u00e1g\u00f3eszk\u00f6zeink elk\u00e9sz\u00edt\u00e9s\u00e9re Csomagol\u00e1s \u00e9s sz\u00e1ll\u00edt\u00e1s Csomagol\u00e1s a vev\u0151i [&hellip;]<\/p>\n","protected":false},"author":2,"featured_media":0,"parent":1022,"menu_order":0,"comment_status":"closed","ping_status":"open","template":"","meta":{"_acf_changed":false,"footnotes":""},"acf":[],"yoast_head":"<!-- This site is optimized with the Yoast SEO plugin v22.5 - https:\/\/yoast.com\/wordpress\/plugins\/seo\/ -->\r\n<title>Tov\u00e1bbi g\u00e9peink - HPO<\/title>\r\n<meta name=\"robots\" content=\"index, follow, max-snippet:-1, max-image-preview:large, max-video-preview:-1\" \/>\r\n<link rel=\"canonical\" href=\"https:\/\/www.hpo.fr\/solutions\/machines-additionnelles\/\" \/>\r\n<meta property=\"og:locale\" content=\"hu_HU\" \/>\r\n<meta property=\"og:type\" content=\"article\" \/>\r\n<meta property=\"og:title\" content=\"Tov\u00e1bbi g\u00e9peink - HPO\" \/>\r\n<meta property=\"og:description\" content=\"A legjobb min\u0151s\u00e9g\u00a0biztos\u00edt\u00e1sa egy teljes k\u00f6r\u0171 szolg\u00e1ltat\u00e1s keret\u00e9n bel\u00fcl V\u00e9gmunk\u00e1l\u00e1s A befejez\u0151 munk\u00e1latok pontos ismerete:\u00a0k\u00f6sz\u00f6r\u00fcl\u00e9s, menetmetsz\u00e9s, homokf\u00fav\u00e1s, szemcsesz\u00f3r\u00e1s, fel\u00fcletkezel\u00e9s, sorj\u00e1tlan\u00edt\u00e1s (rezg\u00e9s, rezg\u0151dobos), csiszol\u00e1s 12 darabol\u00f3g\u00e9p 12 hengerl\u0151g\u00e9p 19 k\u00f6sz\u00f6r\u0171g\u00e9p (besz\u00far\u00f3, cs\u00facsn\u00e9lk\u00fcli) 2\u00a0atmoszf\u00e9rikus h\u0151kezel\u0151 kemence a mikro darabokhoz Egy\u00fcttm\u0171k\u00f6d\u00e9s a h\u0151kezel\u00e9sben \u00e9s fel\u00fcletkezel\u00e9sben j\u00e1rtas besz\u00e1ll\u00edt\u00f3kkal G\u00e9pparkunk alkalmas saj\u00e1t v\u00e1g\u00f3eszk\u00f6zeink elk\u00e9sz\u00edt\u00e9s\u00e9re Csomagol\u00e1s \u00e9s sz\u00e1ll\u00edt\u00e1s Csomagol\u00e1s a vev\u0151i [&hellip;]\" \/>\r\n<meta property=\"og:url\" content=\"https:\/\/www.hpo.fr\/solutions\/machines-additionnelles\/\" \/>\r\n<meta property=\"og:site_name\" content=\"HPO\" \/>\r\n<meta property=\"article:modified_time\" content=\"2020-10-19T14:46:14+00:00\" \/>\r\n<meta name=\"twitter:label1\" content=\"Becs\u00fclt olvas\u00e1si id\u0151\" \/>\n\t<meta name=\"twitter:data1\" content=\"1 perc\" \/>\r\n<script type=\"application\/ld+json\" class=\"yoast-schema-graph\">{\"@context\":\"https:\/\/schema.org\",\"@graph\":[{\"@type\":\"WebPage\",\"@id\":\"https:\/\/www.hpo.fr\/solutions\/machines-additionnelles\/\",\"url\":\"https:\/\/www.hpo.fr\/solutions\/machines-additionnelles\/\",\"name\":\"Tov\u00e1bbi g\u00e9peink - HPO\",\"isPartOf\":{\"@id\":\"https:\/\/www.hpo.fr\/#website\"},\"datePublished\":\"2014-06-05T12:39:53+00:00\",\"dateModified\":\"2020-10-19T14:46:14+00:00\",\"breadcrumb\":{\"@id\":\"https:\/\/www.hpo.fr\/solutions\/machines-additionnelles\/#breadcrumb\"},\"inLanguage\":\"hu\",\"potentialAction\":[{\"@type\":\"ReadAction\",\"target\":[\"https:\/\/www.hpo.fr\/solutions\/machines-additionnelles\/\"]}]},{\"@type\":\"BreadcrumbList\",\"@id\":\"https:\/\/www.hpo.fr\/solutions\/machines-additionnelles\/#breadcrumb\",\"itemListElement\":[{\"@type\":\"ListItem\",\"position\":1,\"name\":\"Home\",\"item\":\"https:\/\/www.hpo.fr\/\"},{\"@type\":\"ListItem\",\"position\":2,\"name\":\"Megold\u00e0sok\",\"item\":\"https:\/\/www.hpo.fr\/solutions\/\"},{\"@type\":\"ListItem\",\"position\":3,\"name\":\"Tov\u00e1bbi g\u00e9peink\"}]},{\"@type\":\"WebSite\",\"@id\":\"https:\/\/www.hpo.fr\/#website\",\"url\":\"https:\/\/www.hpo.fr\/\",\"name\":\"HPO\",\"description\":\"Une offre globale pour la r\u00e9alisation de pi\u00e8ces et sous-ensembles m\u00e9caniques\",\"potentialAction\":[{\"@type\":\"SearchAction\",\"target\":{\"@type\":\"EntryPoint\",\"urlTemplate\":\"https:\/\/www.hpo.fr\/?s={search_term_string}\"},\"query-input\":\"required name=search_term_string\"}],\"inLanguage\":\"hu\"}]}<\/script>\r\n<!-- \/ Yoast SEO plugin. -->","yoast_head_json":{"title":"Tov\u00e1bbi g\u00e9peink - HPO","robots":{"index":"index","follow":"follow","max-snippet":"max-snippet:-1","max-image-preview":"max-image-preview:large","max-video-preview":"max-video-preview:-1"},"canonical":"https:\/\/www.hpo.fr\/solutions\/machines-additionnelles\/","og_locale":"hu_HU","og_type":"article","og_title":"Tov\u00e1bbi g\u00e9peink - HPO","og_description":"A legjobb min\u0151s\u00e9g\u00a0biztos\u00edt\u00e1sa egy teljes k\u00f6r\u0171 szolg\u00e1ltat\u00e1s keret\u00e9n bel\u00fcl V\u00e9gmunk\u00e1l\u00e1s A befejez\u0151 munk\u00e1latok pontos ismerete:\u00a0k\u00f6sz\u00f6r\u00fcl\u00e9s, menetmetsz\u00e9s, homokf\u00fav\u00e1s, szemcsesz\u00f3r\u00e1s, fel\u00fcletkezel\u00e9s, sorj\u00e1tlan\u00edt\u00e1s (rezg\u00e9s, rezg\u0151dobos), csiszol\u00e1s 12 darabol\u00f3g\u00e9p 12 hengerl\u0151g\u00e9p 19 k\u00f6sz\u00f6r\u0171g\u00e9p (besz\u00far\u00f3, cs\u00facsn\u00e9lk\u00fcli) 2\u00a0atmoszf\u00e9rikus h\u0151kezel\u0151 kemence a mikro darabokhoz Egy\u00fcttm\u0171k\u00f6d\u00e9s a h\u0151kezel\u00e9sben \u00e9s fel\u00fcletkezel\u00e9sben j\u00e1rtas besz\u00e1ll\u00edt\u00f3kkal G\u00e9pparkunk alkalmas saj\u00e1t v\u00e1g\u00f3eszk\u00f6zeink elk\u00e9sz\u00edt\u00e9s\u00e9re Csomagol\u00e1s \u00e9s sz\u00e1ll\u00edt\u00e1s Csomagol\u00e1s a vev\u0151i [&hellip;]","og_url":"https:\/\/www.hpo.fr\/solutions\/machines-additionnelles\/","og_site_name":"HPO","article_modified_time":"2020-10-19T14:46:14+00:00","twitter_misc":{"Becs\u00fclt olvas\u00e1si id\u0151":"1 perc"},"schema":{"@context":"https:\/\/schema.org","@graph":[{"@type":"WebPage","@id":"https:\/\/www.hpo.fr\/solutions\/machines-additionnelles\/","url":"https:\/\/www.hpo.fr\/solutions\/machines-additionnelles\/","name":"Tov\u00e1bbi g\u00e9peink - HPO","isPartOf":{"@id":"https:\/\/www.hpo.fr\/#website"},"datePublished":"2014-06-05T12:39:53+00:00","dateModified":"2020-10-19T14:46:14+00:00","breadcrumb":{"@id":"https:\/\/www.hpo.fr\/solutions\/machines-additionnelles\/#breadcrumb"},"inLanguage":"hu","potentialAction":[{"@type":"ReadAction","target":["https:\/\/www.hpo.fr\/solutions\/machines-additionnelles\/"]}]},{"@type":"BreadcrumbList","@id":"https:\/\/www.hpo.fr\/solutions\/machines-additionnelles\/#breadcrumb","itemListElement":[{"@type":"ListItem","position":1,"name":"Home","item":"https:\/\/www.hpo.fr\/"},{"@type":"ListItem","position":2,"name":"Megold\u00e0sok","item":"https:\/\/www.hpo.fr\/solutions\/"},{"@type":"ListItem","position":3,"name":"Tov\u00e1bbi g\u00e9peink"}]},{"@type":"WebSite","@id":"https:\/\/www.hpo.fr\/#website","url":"https:\/\/www.hpo.fr\/","name":"HPO","description":"Une offre globale pour la r\u00e9alisation de pi\u00e8ces et sous-ensembles m\u00e9caniques","potentialAction":[{"@type":"SearchAction","target":{"@type":"EntryPoint","urlTemplate":"https:\/\/www.hpo.fr\/?s={search_term_string}"},"query-input":"required name=search_term_string"}],"inLanguage":"hu"}]}},"_links":{"self":[{"href":"https:\/\/www.hpo.fr\/hu\/wp-json\/wp\/v2\/pages\/660"}],"collection":[{"href":"https:\/\/www.hpo.fr\/hu\/wp-json\/wp\/v2\/pages"}],"about":[{"href":"https:\/\/www.hpo.fr\/hu\/wp-json\/wp\/v2\/types\/page"}],"author":[{"embeddable":true,"href":"https:\/\/www.hpo.fr\/hu\/wp-json\/wp\/v2\/users\/2"}],"replies":[{"embeddable":true,"href":"https:\/\/www.hpo.fr\/hu\/wp-json\/wp\/v2\/comments?post=660"}],"version-history":[{"count":9,"href":"https:\/\/www.hpo.fr\/hu\/wp-json\/wp\/v2\/pages\/660\/revisions"}],"predecessor-version":[{"id":1482,"href":"https:\/\/www.hpo.fr\/hu\/wp-json\/wp\/v2\/pages\/660\/revisions\/1482"}],"up":[{"embeddable":true,"href":"https:\/\/www.hpo.fr\/hu\/wp-json\/wp\/v2\/pages\/1022"}],"wp:attachment":[{"href":"https:\/\/www.hpo.fr\/hu\/wp-json\/wp\/v2\/media?parent=660"}],"curies":[{"name":"wp","href":"https:\/\/api.w.org\/{rel}","templated":true}]}}