{"id":658,"date":"2014-07-24T14:13:26","date_gmt":"2014-07-24T13:13:26","guid":{"rendered":"https:\/\/www.hpo.fr\/?page_id=658"},"modified":"2015-01-21T09:54:43","modified_gmt":"2015-01-21T08:54:43","slug":"groupe-hpo-notre-savoir-faire","status":"publish","type":"page","link":"https:\/\/www.hpo.fr\/hu\/hpo-group\/groupe-hpo-notre-savoir-faire\/","title":{"rendered":"HPO Group SZAKTUD\u00c1SUNK"},"content":{"rendered":"","protected":false},"excerpt":{"rendered":"","protected":false},"author":2,"featured_media":0,"parent":632,"menu_order":0,"comment_status":"closed","ping_status":"closed","template":"groupe-savoir.php","meta":{"_acf_changed":false,"footnotes":""},"acf":[],"yoast_head":"<!-- This site is optimized with the Yoast SEO plugin v22.5 - https:\/\/yoast.com\/wordpress\/plugins\/seo\/ -->\r\n<title>HPO Group SZAKTUD\u00c1SUNK - HPO<\/title>\r\n<meta name=\"robots\" content=\"index, follow, max-snippet:-1, max-image-preview:large, max-video-preview:-1\" \/>\r\n<link rel=\"canonical\" href=\"https:\/\/www.hpo.fr\/groupe-hpo\/groupe-hpo-notre-savoir-faire\/\" \/>\r\n<meta property=\"og:locale\" content=\"hu_HU\" \/>\r\n<meta property=\"og:type\" content=\"article\" \/>\r\n<meta property=\"og:title\" content=\"HPO Group SZAKTUD\u00c1SUNK - HPO\" \/>\r\n<meta property=\"og:url\" content=\"https:\/\/www.hpo.fr\/groupe-hpo\/groupe-hpo-notre-savoir-faire\/\" \/>\r\n<meta property=\"og:site_name\" content=\"HPO\" \/>\r\n<meta property=\"article:modified_time\" content=\"2015-01-21T08:54:43+00:00\" \/>\r\n<script type=\"application\/ld+json\" class=\"yoast-schema-graph\">{\"@context\":\"https:\/\/schema.org\",\"@graph\":[{\"@type\":\"WebPage\",\"@id\":\"https:\/\/www.hpo.fr\/groupe-hpo\/groupe-hpo-notre-savoir-faire\/\",\"url\":\"https:\/\/www.hpo.fr\/groupe-hpo\/groupe-hpo-notre-savoir-faire\/\",\"name\":\"HPO Group SZAKTUD\u00c1SUNK - HPO\",\"isPartOf\":{\"@id\":\"https:\/\/www.hpo.fr\/#website\"},\"datePublished\":\"2014-07-24T13:13:26+00:00\",\"dateModified\":\"2015-01-21T08:54:43+00:00\",\"breadcrumb\":{\"@id\":\"https:\/\/www.hpo.fr\/groupe-hpo\/groupe-hpo-notre-savoir-faire\/#breadcrumb\"},\"inLanguage\":\"hu\",\"potentialAction\":[{\"@type\":\"ReadAction\",\"target\":[\"https:\/\/www.hpo.fr\/groupe-hpo\/groupe-hpo-notre-savoir-faire\/\"]}]},{\"@type\":\"BreadcrumbList\",\"@id\":\"https:\/\/www.hpo.fr\/groupe-hpo\/groupe-hpo-notre-savoir-faire\/#breadcrumb\",\"itemListElement\":[{\"@type\":\"ListItem\",\"position\":1,\"name\":\"Home\",\"item\":\"https:\/\/www.hpo.fr\/\"},{\"@type\":\"ListItem\",\"position\":2,\"name\":\"HPO csoport\",\"item\":\"https:\/\/www.hpo.fr\/groupe-hpo\/\"},{\"@type\":\"ListItem\",\"position\":3,\"name\":\"HPO Group SZAKTUD\u00c1SUNK\"}]},{\"@type\":\"WebSite\",\"@id\":\"https:\/\/www.hpo.fr\/#website\",\"url\":\"https:\/\/www.hpo.fr\/\",\"name\":\"HPO\",\"description\":\"Une offre globale pour la r\u00e9alisation de pi\u00e8ces et sous-ensembles m\u00e9caniques\",\"potentialAction\":[{\"@type\":\"SearchAction\",\"target\":{\"@type\":\"EntryPoint\",\"urlTemplate\":\"https:\/\/www.hpo.fr\/?s={search_term_string}\"},\"query-input\":\"required name=search_term_string\"}],\"inLanguage\":\"hu\"}]}<\/script>\r\n<!-- \/ Yoast SEO plugin. -->","yoast_head_json":{"title":"HPO Group SZAKTUD\u00c1SUNK - HPO","robots":{"index":"index","follow":"follow","max-snippet":"max-snippet:-1","max-image-preview":"max-image-preview:large","max-video-preview":"max-video-preview:-1"},"canonical":"https:\/\/www.hpo.fr\/groupe-hpo\/groupe-hpo-notre-savoir-faire\/","og_locale":"hu_HU","og_type":"article","og_title":"HPO Group SZAKTUD\u00c1SUNK - HPO","og_url":"https:\/\/www.hpo.fr\/groupe-hpo\/groupe-hpo-notre-savoir-faire\/","og_site_name":"HPO","article_modified_time":"2015-01-21T08:54:43+00:00","schema":{"@context":"https:\/\/schema.org","@graph":[{"@type":"WebPage","@id":"https:\/\/www.hpo.fr\/groupe-hpo\/groupe-hpo-notre-savoir-faire\/","url":"https:\/\/www.hpo.fr\/groupe-hpo\/groupe-hpo-notre-savoir-faire\/","name":"HPO Group SZAKTUD\u00c1SUNK - HPO","isPartOf":{"@id":"https:\/\/www.hpo.fr\/#website"},"datePublished":"2014-07-24T13:13:26+00:00","dateModified":"2015-01-21T08:54:43+00:00","breadcrumb":{"@id":"https:\/\/www.hpo.fr\/groupe-hpo\/groupe-hpo-notre-savoir-faire\/#breadcrumb"},"inLanguage":"hu","potentialAction":[{"@type":"ReadAction","target":["https:\/\/www.hpo.fr\/groupe-hpo\/groupe-hpo-notre-savoir-faire\/"]}]},{"@type":"BreadcrumbList","@id":"https:\/\/www.hpo.fr\/groupe-hpo\/groupe-hpo-notre-savoir-faire\/#breadcrumb","itemListElement":[{"@type":"ListItem","position":1,"name":"Home","item":"https:\/\/www.hpo.fr\/"},{"@type":"ListItem","position":2,"name":"HPO csoport","item":"https:\/\/www.hpo.fr\/groupe-hpo\/"},{"@type":"ListItem","position":3,"name":"HPO Group SZAKTUD\u00c1SUNK"}]},{"@type":"WebSite","@id":"https:\/\/www.hpo.fr\/#website","url":"https:\/\/www.hpo.fr\/","name":"HPO","description":"Une offre globale pour la r\u00e9alisation de pi\u00e8ces et sous-ensembles m\u00e9caniques","potentialAction":[{"@type":"SearchAction","target":{"@type":"EntryPoint","urlTemplate":"https:\/\/www.hpo.fr\/?s={search_term_string}"},"query-input":"required name=search_term_string"}],"inLanguage":"hu"}]}},"_links":{"self":[{"href":"https:\/\/www.hpo.fr\/hu\/wp-json\/wp\/v2\/pages\/658"}],"collection":[{"href":"https:\/\/www.hpo.fr\/hu\/wp-json\/wp\/v2\/pages"}],"about":[{"href":"https:\/\/www.hpo.fr\/hu\/wp-json\/wp\/v2\/types\/page"}],"author":[{"embeddable":true,"href":"https:\/\/www.hpo.fr\/hu\/wp-json\/wp\/v2\/users\/2"}],"replies":[{"embeddable":true,"href":"https:\/\/www.hpo.fr\/hu\/wp-json\/wp\/v2\/comments?post=658"}],"version-history":[{"count":11,"href":"https:\/\/www.hpo.fr\/hu\/wp-json\/wp\/v2\/pages\/658\/revisions"}],"predecessor-version":[{"id":837,"href":"https:\/\/www.hpo.fr\/hu\/wp-json\/wp\/v2\/pages\/658\/revisions\/837"}],"up":[{"embeddable":true,"href":"https:\/\/www.hpo.fr\/hu\/wp-json\/wp\/v2\/pages\/632"}],"wp:attachment":[{"href":"https:\/\/www.hpo.fr\/hu\/wp-json\/wp\/v2\/media?parent=658"}],"curies":[{"name":"wp","href":"https:\/\/api.w.org\/{rel}","templated":true}]}}