{"id":630,"date":"2014-06-02T08:09:09","date_gmt":"2014-06-02T07:09:09","guid":{"rendered":"https:\/\/www.hpo.fr\/engagements-2\/"},"modified":"2015-01-20T18:02:35","modified_gmt":"2015-01-20T17:02:35","slug":"engagements","status":"publish","type":"page","link":"https:\/\/www.hpo.fr\/hu\/engagements\/","title":{"rendered":"K\u00f6telezetts\u00e9gv\u00e1llal\u00e1saink"},"content":{"rendered":"<h2>1. Struktur\u00e1lt szolg\u00e1ltat\u00e1sok<\/h2>\n<ul style=\"list-style-type: disc;\">\n<li>Kutat\u00e1s\u00a0\u00e9s fejleszt\u00e9s<\/li>\n<li>Tervez\u00e9s<\/li>\n<li>Gy\u00e1rt\u00e1s<\/li>\n<li>Logisztika<\/li>\n<li>Min\u0151s\u00e9g<\/li>\n<li>Egy\u00e9b szolg\u00e1ltat\u00e1sok<\/li>\n<\/ul>\n<h2 style=\"text-align: left;\">2. Minden r\u00e9szletre kiterjed\u0151 \u00e1raj\u00e1nlat\u00a0<strong>a megval\u00f3s\u00edthat\u00f3s\u00e1gi tervt\u0151l a gy\u00e1rt\u00e1sig<\/strong><\/h2>\n<ul style=\"list-style-type: disc;\">\n<li>Tan\u00e1csad\u00e1s \u00e9s\u00a0megval\u00f3s\u00edthat\u00f3s\u00e1gi terv k\u00e9sz\u00edt\u00e9s<\/li>\n<li>Tervez\u00e9s<\/li>\n<li>Protot\u00edpusgy\u00e1rt\u00e1s<\/li>\n<li>Sz\u00e1m\u00edt\u00f3g\u00e9pes modellez\u00e9s (CAD)<\/li>\n<\/ul>\n<h2 style=\"text-align: left;\">3. Hat\u00e9kony m\u00f3dszerek<\/h2>\n<ul style=\"list-style-type: disc;\">\n<li>Szem\u00e9lyre szabott nyomonk\u00f6vet\u00e9s<\/li>\n<li>Gyors \u00e9s hat\u00e9kony v\u00e1ltoztat\u00e1sok<\/li>\n<li>Informatikai eszk\u00f6z\u00f6k: ERP, EDI<\/li>\n<\/ul>\n<h2 style=\"text-align: left;\">4. Korszer\u0171 eszk\u00f6z\u00f6k<\/h2>\n<ul style=\"list-style-type: disc;\">\n<li style=\"text-align: left;\">Egy\u00f6ntet\u0171, modern, t\u00f6bb c\u00e9lra is haszn\u00e1lhat\u00f3 eszk\u00f6z\u00f6kb\u0151l \u00e1ll\u00f3 g\u00e9ppark<\/li>\n<li style=\"text-align: left;\">Automata ellen\u0151rz\u0151 felszerel\u00e9sek<\/li>\n<li style=\"text-align: left;\">Szersz\u00e1maink tervez\u00e9se \u00e9s\/vagy gy\u00e1rt\u00e1sa<\/li>\n<\/ul>\n","protected":false},"excerpt":{"rendered":"<p>1. Struktur\u00e1lt szolg\u00e1ltat\u00e1sok Kutat\u00e1s\u00a0\u00e9s fejleszt\u00e9s Tervez\u00e9s Gy\u00e1rt\u00e1s Logisztika Min\u0151s\u00e9g Egy\u00e9b szolg\u00e1ltat\u00e1sok 2. Minden r\u00e9szletre kiterjed\u0151 \u00e1raj\u00e1nlat\u00a0a megval\u00f3s\u00edthat\u00f3s\u00e1gi tervt\u0151l a gy\u00e1rt\u00e1sig Tan\u00e1csad\u00e1s \u00e9s\u00a0megval\u00f3s\u00edthat\u00f3s\u00e1gi terv k\u00e9sz\u00edt\u00e9s Tervez\u00e9s Protot\u00edpusgy\u00e1rt\u00e1s Sz\u00e1m\u00edt\u00f3g\u00e9pes modellez\u00e9s (CAD) 3. Hat\u00e9kony m\u00f3dszerek Szem\u00e9lyre szabott nyomonk\u00f6vet\u00e9s Gyors \u00e9s hat\u00e9kony v\u00e1ltoztat\u00e1sok Informatikai eszk\u00f6z\u00f6k: ERP, EDI 4. Korszer\u0171 eszk\u00f6z\u00f6k Egy\u00f6ntet\u0171, modern, t\u00f6bb c\u00e9lra is haszn\u00e1lhat\u00f3 eszk\u00f6z\u00f6kb\u0151l \u00e1ll\u00f3 g\u00e9ppark [&hellip;]<\/p>\n","protected":false},"author":2,"featured_media":0,"parent":0,"menu_order":0,"comment_status":"closed","ping_status":"closed","template":"","meta":{"_acf_changed":false,"footnotes":""},"acf":[],"yoast_head":"<!-- This site is optimized with the Yoast SEO plugin v22.5 - https:\/\/yoast.com\/wordpress\/plugins\/seo\/ -->\r\n<title>K\u00f6telezetts\u00e9gv\u00e1llal\u00e1saink - HPO<\/title>\r\n<meta name=\"robots\" content=\"index, follow, max-snippet:-1, max-image-preview:large, max-video-preview:-1\" \/>\r\n<link rel=\"canonical\" href=\"https:\/\/www.hpo.fr\/engagements\/\" \/>\r\n<meta property=\"og:locale\" content=\"hu_HU\" \/>\r\n<meta property=\"og:type\" content=\"article\" \/>\r\n<meta property=\"og:title\" content=\"K\u00f6telezetts\u00e9gv\u00e1llal\u00e1saink - HPO\" \/>\r\n<meta property=\"og:description\" content=\"1. Struktur\u00e1lt szolg\u00e1ltat\u00e1sok Kutat\u00e1s\u00a0\u00e9s fejleszt\u00e9s Tervez\u00e9s Gy\u00e1rt\u00e1s Logisztika Min\u0151s\u00e9g Egy\u00e9b szolg\u00e1ltat\u00e1sok 2. Minden r\u00e9szletre kiterjed\u0151 \u00e1raj\u00e1nlat\u00a0a megval\u00f3s\u00edthat\u00f3s\u00e1gi tervt\u0151l a gy\u00e1rt\u00e1sig Tan\u00e1csad\u00e1s \u00e9s\u00a0megval\u00f3s\u00edthat\u00f3s\u00e1gi terv k\u00e9sz\u00edt\u00e9s Tervez\u00e9s Protot\u00edpusgy\u00e1rt\u00e1s Sz\u00e1m\u00edt\u00f3g\u00e9pes modellez\u00e9s (CAD) 3. Hat\u00e9kony m\u00f3dszerek Szem\u00e9lyre szabott nyomonk\u00f6vet\u00e9s Gyors \u00e9s hat\u00e9kony v\u00e1ltoztat\u00e1sok Informatikai eszk\u00f6z\u00f6k: ERP, EDI 4. Korszer\u0171 eszk\u00f6z\u00f6k Egy\u00f6ntet\u0171, modern, t\u00f6bb c\u00e9lra is haszn\u00e1lhat\u00f3 eszk\u00f6z\u00f6kb\u0151l \u00e1ll\u00f3 g\u00e9ppark [&hellip;]\" \/>\r\n<meta property=\"og:url\" content=\"https:\/\/www.hpo.fr\/engagements\/\" \/>\r\n<meta property=\"og:site_name\" content=\"HPO\" \/>\r\n<meta property=\"article:modified_time\" content=\"2015-01-20T17:02:35+00:00\" \/>\r\n<meta name=\"twitter:label1\" content=\"Becs\u00fclt olvas\u00e1si id\u0151\" \/>\n\t<meta name=\"twitter:data1\" content=\"1 perc\" \/>\r\n<script type=\"application\/ld+json\" class=\"yoast-schema-graph\">{\"@context\":\"https:\/\/schema.org\",\"@graph\":[{\"@type\":\"WebPage\",\"@id\":\"https:\/\/www.hpo.fr\/engagements\/\",\"url\":\"https:\/\/www.hpo.fr\/engagements\/\",\"name\":\"K\u00f6telezetts\u00e9gv\u00e1llal\u00e1saink - HPO\",\"isPartOf\":{\"@id\":\"https:\/\/www.hpo.fr\/#website\"},\"datePublished\":\"2014-06-02T07:09:09+00:00\",\"dateModified\":\"2015-01-20T17:02:35+00:00\",\"breadcrumb\":{\"@id\":\"https:\/\/www.hpo.fr\/engagements\/#breadcrumb\"},\"inLanguage\":\"hu\",\"potentialAction\":[{\"@type\":\"ReadAction\",\"target\":[\"https:\/\/www.hpo.fr\/engagements\/\"]}]},{\"@type\":\"BreadcrumbList\",\"@id\":\"https:\/\/www.hpo.fr\/engagements\/#breadcrumb\",\"itemListElement\":[{\"@type\":\"ListItem\",\"position\":1,\"name\":\"Home\",\"item\":\"https:\/\/www.hpo.fr\/\"},{\"@type\":\"ListItem\",\"position\":2,\"name\":\"K\u00f6telezetts\u00e9gv\u00e1llal\u00e1saink\"}]},{\"@type\":\"WebSite\",\"@id\":\"https:\/\/www.hpo.fr\/#website\",\"url\":\"https:\/\/www.hpo.fr\/\",\"name\":\"HPO\",\"description\":\"Une offre globale pour la r\u00e9alisation de pi\u00e8ces et sous-ensembles m\u00e9caniques\",\"potentialAction\":[{\"@type\":\"SearchAction\",\"target\":{\"@type\":\"EntryPoint\",\"urlTemplate\":\"https:\/\/www.hpo.fr\/?s={search_term_string}\"},\"query-input\":\"required name=search_term_string\"}],\"inLanguage\":\"hu\"}]}<\/script>\r\n<!-- \/ Yoast SEO plugin. -->","yoast_head_json":{"title":"K\u00f6telezetts\u00e9gv\u00e1llal\u00e1saink - HPO","robots":{"index":"index","follow":"follow","max-snippet":"max-snippet:-1","max-image-preview":"max-image-preview:large","max-video-preview":"max-video-preview:-1"},"canonical":"https:\/\/www.hpo.fr\/engagements\/","og_locale":"hu_HU","og_type":"article","og_title":"K\u00f6telezetts\u00e9gv\u00e1llal\u00e1saink - HPO","og_description":"1. Struktur\u00e1lt szolg\u00e1ltat\u00e1sok Kutat\u00e1s\u00a0\u00e9s fejleszt\u00e9s Tervez\u00e9s Gy\u00e1rt\u00e1s Logisztika Min\u0151s\u00e9g Egy\u00e9b szolg\u00e1ltat\u00e1sok 2. Minden r\u00e9szletre kiterjed\u0151 \u00e1raj\u00e1nlat\u00a0a megval\u00f3s\u00edthat\u00f3s\u00e1gi tervt\u0151l a gy\u00e1rt\u00e1sig Tan\u00e1csad\u00e1s \u00e9s\u00a0megval\u00f3s\u00edthat\u00f3s\u00e1gi terv k\u00e9sz\u00edt\u00e9s Tervez\u00e9s Protot\u00edpusgy\u00e1rt\u00e1s Sz\u00e1m\u00edt\u00f3g\u00e9pes modellez\u00e9s (CAD) 3. Hat\u00e9kony m\u00f3dszerek Szem\u00e9lyre szabott nyomonk\u00f6vet\u00e9s Gyors \u00e9s hat\u00e9kony v\u00e1ltoztat\u00e1sok Informatikai eszk\u00f6z\u00f6k: ERP, EDI 4. Korszer\u0171 eszk\u00f6z\u00f6k Egy\u00f6ntet\u0171, modern, t\u00f6bb c\u00e9lra is haszn\u00e1lhat\u00f3 eszk\u00f6z\u00f6kb\u0151l \u00e1ll\u00f3 g\u00e9ppark [&hellip;]","og_url":"https:\/\/www.hpo.fr\/engagements\/","og_site_name":"HPO","article_modified_time":"2015-01-20T17:02:35+00:00","twitter_misc":{"Becs\u00fclt olvas\u00e1si id\u0151":"1 perc"},"schema":{"@context":"https:\/\/schema.org","@graph":[{"@type":"WebPage","@id":"https:\/\/www.hpo.fr\/engagements\/","url":"https:\/\/www.hpo.fr\/engagements\/","name":"K\u00f6telezetts\u00e9gv\u00e1llal\u00e1saink - HPO","isPartOf":{"@id":"https:\/\/www.hpo.fr\/#website"},"datePublished":"2014-06-02T07:09:09+00:00","dateModified":"2015-01-20T17:02:35+00:00","breadcrumb":{"@id":"https:\/\/www.hpo.fr\/engagements\/#breadcrumb"},"inLanguage":"hu","potentialAction":[{"@type":"ReadAction","target":["https:\/\/www.hpo.fr\/engagements\/"]}]},{"@type":"BreadcrumbList","@id":"https:\/\/www.hpo.fr\/engagements\/#breadcrumb","itemListElement":[{"@type":"ListItem","position":1,"name":"Home","item":"https:\/\/www.hpo.fr\/"},{"@type":"ListItem","position":2,"name":"K\u00f6telezetts\u00e9gv\u00e1llal\u00e1saink"}]},{"@type":"WebSite","@id":"https:\/\/www.hpo.fr\/#website","url":"https:\/\/www.hpo.fr\/","name":"HPO","description":"Une offre globale pour la r\u00e9alisation de pi\u00e8ces et sous-ensembles m\u00e9caniques","potentialAction":[{"@type":"SearchAction","target":{"@type":"EntryPoint","urlTemplate":"https:\/\/www.hpo.fr\/?s={search_term_string}"},"query-input":"required name=search_term_string"}],"inLanguage":"hu"}]}},"_links":{"self":[{"href":"https:\/\/www.hpo.fr\/hu\/wp-json\/wp\/v2\/pages\/630"}],"collection":[{"href":"https:\/\/www.hpo.fr\/hu\/wp-json\/wp\/v2\/pages"}],"about":[{"href":"https:\/\/www.hpo.fr\/hu\/wp-json\/wp\/v2\/types\/page"}],"author":[{"embeddable":true,"href":"https:\/\/www.hpo.fr\/hu\/wp-json\/wp\/v2\/users\/2"}],"replies":[{"embeddable":true,"href":"https:\/\/www.hpo.fr\/hu\/wp-json\/wp\/v2\/comments?post=630"}],"version-history":[{"count":7,"href":"https:\/\/www.hpo.fr\/hu\/wp-json\/wp\/v2\/pages\/630\/revisions"}],"predecessor-version":[{"id":832,"href":"https:\/\/www.hpo.fr\/hu\/wp-json\/wp\/v2\/pages\/630\/revisions\/832"}],"wp:attachment":[{"href":"https:\/\/www.hpo.fr\/hu\/wp-json\/wp\/v2\/media?parent=630"}],"curies":[{"name":"wp","href":"https:\/\/api.w.org\/{rel}","templated":true}]}}