{"id":628,"date":"2014-06-05T13:56:19","date_gmt":"2014-06-05T12:56:19","guid":{"rendered":"https:\/\/www.hpo.fr\/autres-realisations-2\/"},"modified":"2015-03-20T15:10:43","modified_gmt":"2015-03-20T14:10:43","slug":"autres-realisations","status":"publish","type":"page","link":"https:\/\/www.hpo.fr\/hu\/secteurs-dactivite\/autres-realisations\/","title":{"rendered":"Egy\u00e9b ipar\u00e1gak"},"content":{"rendered":"<p style=\"text-align: left;\">A <span style=\"color: #ff9900;\"><strong> HPO csoport szaktud\u00e1s\u00e1nak<\/strong><\/span>, valamint\u00a0szersz\u00e1mg\u00e9pparkj\u00e1nak k\u00f6sz\u00f6nhet\u0151en, t\u00f6bbf\u00e9le m\u0171veletet tud v\u00e9grehajtani.<\/p>\n<p style=\"text-align: left;\">Szem\u00e9lyre szabott megold\u00e1sok k\u00f6z\u00f6s egy\u00fcttm\u0171k\u00f6d\u00e9ssel, amelyek lehet\u0151v\u00e9 teszik, hogy egy <strong><span style=\"color: #ff9900;\"> megfelel\u0151 \u00a0technikai, <strong>eredm\u00e9nyes<\/strong>\u00a0\u00e9s versenyk\u00e9pes szolg\u00e1ltat\u00e1st <\/span><\/strong><br \/>\n<span style=\"color: #000000;\"> ny\u00fajtson valamennyi szektor specifikus sz\u00fcks\u00e9gletei szerint :<\/span><\/p>\n<ul>\n<li>Szabadid\u0151s tev\u00e9kenys\u00e9g,<\/li>\n<li>\u00c9p\u00edtkez\u00e9s,<\/li>\n<li style=\"text-align: left;\">Mez\u0151gazdas\u00e1gi\u00a0berendez\u00e9sek\u2026<\/li>\n<\/ul>\n","protected":false},"excerpt":{"rendered":"<p>A HPO csoport szaktud\u00e1s\u00e1nak, valamint\u00a0szersz\u00e1mg\u00e9pparkj\u00e1nak k\u00f6sz\u00f6nhet\u0151en, t\u00f6bbf\u00e9le m\u0171veletet tud v\u00e9grehajtani. Szem\u00e9lyre szabott megold\u00e1sok k\u00f6z\u00f6s egy\u00fcttm\u0171k\u00f6d\u00e9ssel, amelyek lehet\u0151v\u00e9 teszik, hogy egy megfelel\u0151 \u00a0technikai, eredm\u00e9nyes\u00a0\u00e9s versenyk\u00e9pes szolg\u00e1ltat\u00e1st ny\u00fajtson valamennyi szektor specifikus sz\u00fcks\u00e9gletei szerint : Szabadid\u0151s tev\u00e9kenys\u00e9g, \u00c9p\u00edtkez\u00e9s, Mez\u0151gazdas\u00e1gi\u00a0berendez\u00e9sek\u2026<\/p>\n","protected":false},"author":2,"featured_media":0,"parent":656,"menu_order":0,"comment_status":"closed","ping_status":"open","template":"","meta":{"_acf_changed":false,"footnotes":""},"acf":[],"yoast_head":"<!-- This site is optimized with the Yoast SEO plugin v22.5 - https:\/\/yoast.com\/wordpress\/plugins\/seo\/ -->\r\n<title>Egy\u00e9b ipar\u00e1gak - HPO<\/title>\r\n<meta name=\"robots\" content=\"index, follow, max-snippet:-1, max-image-preview:large, max-video-preview:-1\" \/>\r\n<link rel=\"canonical\" href=\"https:\/\/www.hpo.fr\/secteurs-dactivite\/autres-realisations\/\" \/>\r\n<meta property=\"og:locale\" content=\"hu_HU\" \/>\r\n<meta property=\"og:type\" content=\"article\" \/>\r\n<meta property=\"og:title\" content=\"Egy\u00e9b ipar\u00e1gak - HPO\" \/>\r\n<meta property=\"og:description\" content=\"A HPO csoport szaktud\u00e1s\u00e1nak, valamint\u00a0szersz\u00e1mg\u00e9pparkj\u00e1nak k\u00f6sz\u00f6nhet\u0151en, t\u00f6bbf\u00e9le m\u0171veletet tud v\u00e9grehajtani. Szem\u00e9lyre szabott megold\u00e1sok k\u00f6z\u00f6s egy\u00fcttm\u0171k\u00f6d\u00e9ssel, amelyek lehet\u0151v\u00e9 teszik, hogy egy megfelel\u0151 \u00a0technikai, eredm\u00e9nyes\u00a0\u00e9s versenyk\u00e9pes szolg\u00e1ltat\u00e1st ny\u00fajtson valamennyi szektor specifikus sz\u00fcks\u00e9gletei szerint : Szabadid\u0151s tev\u00e9kenys\u00e9g, \u00c9p\u00edtkez\u00e9s, Mez\u0151gazdas\u00e1gi\u00a0berendez\u00e9sek\u2026\" \/>\r\n<meta property=\"og:url\" content=\"https:\/\/www.hpo.fr\/secteurs-dactivite\/autres-realisations\/\" \/>\r\n<meta property=\"og:site_name\" content=\"HPO\" \/>\r\n<meta property=\"article:modified_time\" content=\"2015-03-20T14:10:43+00:00\" \/>\r\n<script type=\"application\/ld+json\" class=\"yoast-schema-graph\">{\"@context\":\"https:\/\/schema.org\",\"@graph\":[{\"@type\":\"WebPage\",\"@id\":\"https:\/\/www.hpo.fr\/secteurs-dactivite\/autres-realisations\/\",\"url\":\"https:\/\/www.hpo.fr\/secteurs-dactivite\/autres-realisations\/\",\"name\":\"Egy\u00e9b ipar\u00e1gak - HPO\",\"isPartOf\":{\"@id\":\"https:\/\/www.hpo.fr\/#website\"},\"datePublished\":\"2014-06-05T12:56:19+00:00\",\"dateModified\":\"2015-03-20T14:10:43+00:00\",\"breadcrumb\":{\"@id\":\"https:\/\/www.hpo.fr\/secteurs-dactivite\/autres-realisations\/#breadcrumb\"},\"inLanguage\":\"hu\",\"potentialAction\":[{\"@type\":\"ReadAction\",\"target\":[\"https:\/\/www.hpo.fr\/secteurs-dactivite\/autres-realisations\/\"]}]},{\"@type\":\"BreadcrumbList\",\"@id\":\"https:\/\/www.hpo.fr\/secteurs-dactivite\/autres-realisations\/#breadcrumb\",\"itemListElement\":[{\"@type\":\"ListItem\",\"position\":1,\"name\":\"Home\",\"item\":\"https:\/\/www.hpo.fr\/\"},{\"@type\":\"ListItem\",\"position\":2,\"name\":\"Tev\u00e9kenys\u00e9gi ter\u00fclet\",\"item\":\"https:\/\/www.hpo.fr\/secteurs-dactivite\/\"},{\"@type\":\"ListItem\",\"position\":3,\"name\":\"Egy\u00e9b ipar\u00e1gak\"}]},{\"@type\":\"WebSite\",\"@id\":\"https:\/\/www.hpo.fr\/#website\",\"url\":\"https:\/\/www.hpo.fr\/\",\"name\":\"HPO\",\"description\":\"Une offre globale pour la r\u00e9alisation de pi\u00e8ces et sous-ensembles m\u00e9caniques\",\"potentialAction\":[{\"@type\":\"SearchAction\",\"target\":{\"@type\":\"EntryPoint\",\"urlTemplate\":\"https:\/\/www.hpo.fr\/?s={search_term_string}\"},\"query-input\":\"required name=search_term_string\"}],\"inLanguage\":\"hu\"}]}<\/script>\r\n<!-- \/ Yoast SEO plugin. -->","yoast_head_json":{"title":"Egy\u00e9b ipar\u00e1gak - HPO","robots":{"index":"index","follow":"follow","max-snippet":"max-snippet:-1","max-image-preview":"max-image-preview:large","max-video-preview":"max-video-preview:-1"},"canonical":"https:\/\/www.hpo.fr\/secteurs-dactivite\/autres-realisations\/","og_locale":"hu_HU","og_type":"article","og_title":"Egy\u00e9b ipar\u00e1gak - HPO","og_description":"A HPO csoport szaktud\u00e1s\u00e1nak, valamint\u00a0szersz\u00e1mg\u00e9pparkj\u00e1nak k\u00f6sz\u00f6nhet\u0151en, t\u00f6bbf\u00e9le m\u0171veletet tud v\u00e9grehajtani. Szem\u00e9lyre szabott megold\u00e1sok k\u00f6z\u00f6s egy\u00fcttm\u0171k\u00f6d\u00e9ssel, amelyek lehet\u0151v\u00e9 teszik, hogy egy megfelel\u0151 \u00a0technikai, eredm\u00e9nyes\u00a0\u00e9s versenyk\u00e9pes szolg\u00e1ltat\u00e1st ny\u00fajtson valamennyi szektor specifikus sz\u00fcks\u00e9gletei szerint : Szabadid\u0151s tev\u00e9kenys\u00e9g, \u00c9p\u00edtkez\u00e9s, Mez\u0151gazdas\u00e1gi\u00a0berendez\u00e9sek\u2026","og_url":"https:\/\/www.hpo.fr\/secteurs-dactivite\/autres-realisations\/","og_site_name":"HPO","article_modified_time":"2015-03-20T14:10:43+00:00","schema":{"@context":"https:\/\/schema.org","@graph":[{"@type":"WebPage","@id":"https:\/\/www.hpo.fr\/secteurs-dactivite\/autres-realisations\/","url":"https:\/\/www.hpo.fr\/secteurs-dactivite\/autres-realisations\/","name":"Egy\u00e9b ipar\u00e1gak - HPO","isPartOf":{"@id":"https:\/\/www.hpo.fr\/#website"},"datePublished":"2014-06-05T12:56:19+00:00","dateModified":"2015-03-20T14:10:43+00:00","breadcrumb":{"@id":"https:\/\/www.hpo.fr\/secteurs-dactivite\/autres-realisations\/#breadcrumb"},"inLanguage":"hu","potentialAction":[{"@type":"ReadAction","target":["https:\/\/www.hpo.fr\/secteurs-dactivite\/autres-realisations\/"]}]},{"@type":"BreadcrumbList","@id":"https:\/\/www.hpo.fr\/secteurs-dactivite\/autres-realisations\/#breadcrumb","itemListElement":[{"@type":"ListItem","position":1,"name":"Home","item":"https:\/\/www.hpo.fr\/"},{"@type":"ListItem","position":2,"name":"Tev\u00e9kenys\u00e9gi ter\u00fclet","item":"https:\/\/www.hpo.fr\/secteurs-dactivite\/"},{"@type":"ListItem","position":3,"name":"Egy\u00e9b ipar\u00e1gak"}]},{"@type":"WebSite","@id":"https:\/\/www.hpo.fr\/#website","url":"https:\/\/www.hpo.fr\/","name":"HPO","description":"Une offre globale pour la r\u00e9alisation de pi\u00e8ces et sous-ensembles m\u00e9caniques","potentialAction":[{"@type":"SearchAction","target":{"@type":"EntryPoint","urlTemplate":"https:\/\/www.hpo.fr\/?s={search_term_string}"},"query-input":"required name=search_term_string"}],"inLanguage":"hu"}]}},"_links":{"self":[{"href":"https:\/\/www.hpo.fr\/hu\/wp-json\/wp\/v2\/pages\/628"}],"collection":[{"href":"https:\/\/www.hpo.fr\/hu\/wp-json\/wp\/v2\/pages"}],"about":[{"href":"https:\/\/www.hpo.fr\/hu\/wp-json\/wp\/v2\/types\/page"}],"author":[{"embeddable":true,"href":"https:\/\/www.hpo.fr\/hu\/wp-json\/wp\/v2\/users\/2"}],"replies":[{"embeddable":true,"href":"https:\/\/www.hpo.fr\/hu\/wp-json\/wp\/v2\/comments?post=628"}],"version-history":[{"count":10,"href":"https:\/\/www.hpo.fr\/hu\/wp-json\/wp\/v2\/pages\/628\/revisions"}],"predecessor-version":[{"id":904,"href":"https:\/\/www.hpo.fr\/hu\/wp-json\/wp\/v2\/pages\/628\/revisions\/904"}],"up":[{"embeddable":true,"href":"https:\/\/www.hpo.fr\/hu\/wp-json\/wp\/v2\/pages\/656"}],"wp:attachment":[{"href":"https:\/\/www.hpo.fr\/hu\/wp-json\/wp\/v2\/media?parent=628"}],"curies":[{"name":"wp","href":"https:\/\/api.w.org\/{rel}","templated":true}]}}