{"id":1021,"date":"2015-05-25T10:18:53","date_gmt":"2015-05-25T09:18:53","guid":{"rendered":"https:\/\/www.hpo.fr\/solutions-2\/"},"modified":"2015-06-17T11:11:18","modified_gmt":"2015-06-17T10:11:18","slug":"solutions","status":"publish","type":"page","link":"https:\/\/www.hpo.fr\/es\/solutions\/","title":{"rendered":"Soluciones"},"content":{"rendered":"","protected":false},"excerpt":{"rendered":"","protected":false},"author":2,"featured_media":0,"parent":0,"menu_order":0,"comment_status":"closed","ping_status":"open","template":"","meta":{"_acf_changed":false,"footnotes":""},"acf":[],"yoast_head":"<!-- This site is optimized with the Yoast SEO plugin v22.5 - https:\/\/yoast.com\/wordpress\/plugins\/seo\/ -->\r\n<title>Soluciones - HPO<\/title>\r\n<meta name=\"robots\" content=\"index, follow, max-snippet:-1, max-image-preview:large, max-video-preview:-1\" \/>\r\n<link rel=\"canonical\" href=\"https:\/\/www.hpo.fr\/solutions\/\" \/>\r\n<meta property=\"og:locale\" content=\"es_ES\" \/>\r\n<meta property=\"og:type\" content=\"article\" \/>\r\n<meta property=\"og:title\" content=\"Soluciones - HPO\" \/>\r\n<meta property=\"og:url\" content=\"https:\/\/www.hpo.fr\/solutions\/\" \/>\r\n<meta property=\"og:site_name\" content=\"HPO\" \/>\r\n<meta property=\"article:modified_time\" content=\"2015-06-17T10:11:18+00:00\" \/>\r\n<script type=\"application\/ld+json\" class=\"yoast-schema-graph\">{\"@context\":\"https:\/\/schema.org\",\"@graph\":[{\"@type\":\"WebPage\",\"@id\":\"https:\/\/www.hpo.fr\/solutions\/\",\"url\":\"https:\/\/www.hpo.fr\/solutions\/\",\"name\":\"Soluciones - HPO\",\"isPartOf\":{\"@id\":\"https:\/\/www.hpo.fr\/#website\"},\"datePublished\":\"2015-05-25T09:18:53+00:00\",\"dateModified\":\"2015-06-17T10:11:18+00:00\",\"breadcrumb\":{\"@id\":\"https:\/\/www.hpo.fr\/solutions\/#breadcrumb\"},\"inLanguage\":\"es\",\"potentialAction\":[{\"@type\":\"ReadAction\",\"target\":[\"https:\/\/www.hpo.fr\/solutions\/\"]}]},{\"@type\":\"BreadcrumbList\",\"@id\":\"https:\/\/www.hpo.fr\/solutions\/#breadcrumb\",\"itemListElement\":[{\"@type\":\"ListItem\",\"position\":1,\"name\":\"Home\",\"item\":\"https:\/\/www.hpo.fr\/\"},{\"@type\":\"ListItem\",\"position\":2,\"name\":\"Soluciones\"}]},{\"@type\":\"WebSite\",\"@id\":\"https:\/\/www.hpo.fr\/#website\",\"url\":\"https:\/\/www.hpo.fr\/\",\"name\":\"HPO\",\"description\":\"Une offre globale pour la r\u00e9alisation de pi\u00e8ces et sous-ensembles m\u00e9caniques\",\"potentialAction\":[{\"@type\":\"SearchAction\",\"target\":{\"@type\":\"EntryPoint\",\"urlTemplate\":\"https:\/\/www.hpo.fr\/?s={search_term_string}\"},\"query-input\":\"required name=search_term_string\"}],\"inLanguage\":\"es\"}]}<\/script>\r\n<!-- \/ Yoast SEO plugin. -->","yoast_head_json":{"title":"Soluciones - HPO","robots":{"index":"index","follow":"follow","max-snippet":"max-snippet:-1","max-image-preview":"max-image-preview:large","max-video-preview":"max-video-preview:-1"},"canonical":"https:\/\/www.hpo.fr\/solutions\/","og_locale":"es_ES","og_type":"article","og_title":"Soluciones - HPO","og_url":"https:\/\/www.hpo.fr\/solutions\/","og_site_name":"HPO","article_modified_time":"2015-06-17T10:11:18+00:00","schema":{"@context":"https:\/\/schema.org","@graph":[{"@type":"WebPage","@id":"https:\/\/www.hpo.fr\/solutions\/","url":"https:\/\/www.hpo.fr\/solutions\/","name":"Soluciones - HPO","isPartOf":{"@id":"https:\/\/www.hpo.fr\/#website"},"datePublished":"2015-05-25T09:18:53+00:00","dateModified":"2015-06-17T10:11:18+00:00","breadcrumb":{"@id":"https:\/\/www.hpo.fr\/solutions\/#breadcrumb"},"inLanguage":"es","potentialAction":[{"@type":"ReadAction","target":["https:\/\/www.hpo.fr\/solutions\/"]}]},{"@type":"BreadcrumbList","@id":"https:\/\/www.hpo.fr\/solutions\/#breadcrumb","itemListElement":[{"@type":"ListItem","position":1,"name":"Home","item":"https:\/\/www.hpo.fr\/"},{"@type":"ListItem","position":2,"name":"Soluciones"}]},{"@type":"WebSite","@id":"https:\/\/www.hpo.fr\/#website","url":"https:\/\/www.hpo.fr\/","name":"HPO","description":"Une offre globale pour la r\u00e9alisation de pi\u00e8ces et sous-ensembles m\u00e9caniques","potentialAction":[{"@type":"SearchAction","target":{"@type":"EntryPoint","urlTemplate":"https:\/\/www.hpo.fr\/?s={search_term_string}"},"query-input":"required name=search_term_string"}],"inLanguage":"es"}]}},"_links":{"self":[{"href":"https:\/\/www.hpo.fr\/es\/wp-json\/wp\/v2\/pages\/1021"}],"collection":[{"href":"https:\/\/www.hpo.fr\/es\/wp-json\/wp\/v2\/pages"}],"about":[{"href":"https:\/\/www.hpo.fr\/es\/wp-json\/wp\/v2\/types\/page"}],"author":[{"embeddable":true,"href":"https:\/\/www.hpo.fr\/es\/wp-json\/wp\/v2\/users\/2"}],"replies":[{"embeddable":true,"href":"https:\/\/www.hpo.fr\/es\/wp-json\/wp\/v2\/comments?post=1021"}],"version-history":[{"count":1,"href":"https:\/\/www.hpo.fr\/es\/wp-json\/wp\/v2\/pages\/1021\/revisions"}],"predecessor-version":[{"id":1111,"href":"https:\/\/www.hpo.fr\/es\/wp-json\/wp\/v2\/pages\/1021\/revisions\/1111"}],"wp:attachment":[{"href":"https:\/\/www.hpo.fr\/es\/wp-json\/wp\/v2\/media?parent=1021"}],"curies":[{"name":"wp","href":"https:\/\/api.w.org\/{rel}","templated":true}]}}