{"id":1391,"date":"2019-09-24T13:35:41","date_gmt":"2019-09-24T12:35:41","guid":{"rendered":"https:\/\/www.hpo.fr\/?page_id=1391"},"modified":"2020-10-09T15:39:00","modified_gmt":"2020-10-09T14:39:00","slug":"careers","status":"publish","type":"page","link":"https:\/\/www.hpo.fr\/en\/careers\/","title":{"rendered":"Careers"},"content":{"rendered":"<div class=\"responsive-tabs\">\n<h2 class=\"tabtitle\"> R\u00c9GLEUR SUR COMMANDES NUM\u00c9RIQUES (H\/F)<\/h2>\n<div class=\"tabcontent\">\n\n<p class=\"p1\"><b style=\"color: #425790;\">MISSIONS<\/b><\/p>\n<ul class=\"ul1\">\n<li class=\"li3\"><b><\/b><span class=\"s1\">Lecture de plan<\/span><\/li>\n<li class=\"li3\"><b><\/b><span class=\"s1\">Correction de c\u00f4tes, changement de plaquettes<\/span><\/li>\n<li class=\"li3\"><b><\/b><span class=\"s1\">Utilisation des moyens de contr\u00f4le dimensionnels\u00a0et de m\u00e9trologie<\/span><\/li>\n<li class=\"li3\"><b><\/b><span class=\"s1\">Suivis et contr\u00f4les en cours de production<\/span><\/li>\n<li class=\"li3\"><b><\/b><span class=\"s1\"><span class=\"s1\">D\u00e9tections de d\u00e9fauts visuel<\/span><\/span><\/li>\n<\/ul>\n<p style=\"color: #425790;\"><b>VOTRE PROFIL<\/b><\/p>\n<ul class=\"ul1\">\n<li class=\"li3\"><b><\/b><span class=\"s1\">Exp\u00e9rience de 3 ans minimum sur un poste similaire dans une soci\u00e9t\u00e9 de D\u00e9colletage exig\u00e9e.<\/span><\/li>\n<li class=\"li3\"><b><\/b><span class=\"s1\">Esprit d\u2019initiative, Autonomie et Rigueur.<\/span><\/li>\n<\/ul>\n<p class=\"p1\"><b style=\"color: #425790;\">D\u00c9TAILS<\/b><\/p>\n<p class=\"p1\">\u00a0Poste bas\u00e9 \u00e0 CLUSES, CDI, 39h\/semaine en horaire d\u2019\u00e9quipe (2X8) .<\/p>\n<p class=\"p1\"><span class=\"s1\">Prise de poste d\u00e8s que possible.<\/span><\/p>\n<p class=\"p1\"><span class=\"s1\">Envoyez votre CV et votre lettre de motivation par mail \u00e0 : g.serriot@hpo.fr<\/span><\/p>\n<p>&nbsp;<\/p>\n\n<\/div><h2 class=\"tabtitle\">D\u00c9COLLETEUR SUR MACHINE TRADITIONNELLE (H\/F)<\/h2>\n<div class=\"tabcontent\">\n\n<p><b style=\"color: #425790;\">MISSIONS<\/b><\/p>\n<ul class=\"ul1\">\n<li class=\"li2\"><b><\/b><span class=\"s1\">Pr\u00e9parer et Assurer la production<br \/>\n<\/span><\/li>\n<li class=\"li2\"><b><\/b><span class=\"s1\">Effectuer les montages et les r\u00e9glages machines<br \/>\n<\/span><\/li>\n<li class=\"li2\"><b><\/b><span class=\"s1\">Effectuer les contr\u00f4les en cours de production<br \/>\n<\/span><\/li>\n<li class=\"li2\"><b><\/b><span class=\"s1\">Changer les outils quand il y a besoin<br \/>\n<\/span><\/li>\n<li class=\"li2\"><b><\/b><span class=\"s1\">Assurer la production dans le respect des d\u00e9lais impartis<\/span><\/li>\n<li class=\"li2\"><b><\/b><span class=\"s1\">Entretenir son poste de travail<\/span><\/li>\n<li class=\"li2\"><b><\/b><span class=\"s1\">Rendre compte de son activit\u00e9<\/span><\/li>\n<\/ul>\n<p style=\"color: #425790;\"><b>VOTRE PROFIL<\/b><\/p>\n<ul class=\"ul1\">\n<li class=\"li2\"><b><\/b><span class=\"s1\">Savoir lire un plan<\/span><\/li>\n<li class=\"li2\"><b><\/b><span class=\"s1\">Etre Autonome et rigoureux<\/span><\/li>\n<li class=\"li2\"><b><\/b><span class=\"s1\">Avoir une exp\u00e9rience significative sur un poste similaire<\/span><\/li>\n<li class=\"li2\"><b><\/b><span class=\"s1\">Connaissance des machines Wickman obligatoire<\/span><\/li>\n<\/ul>\n<p class=\"p1\"><b style=\"color: #425790;\">D\u00c9TAILS<\/b><\/p>\n<p>Poste bas\u00e9 \u00e0 MARNAZ,\u00a0Horaires en \u00e9quipe 2*8\u00a0R\u00e9mun\u00e9ration \u00e0 convenir selon profil.<\/p>\n<p class=\"p1\"><span class=\"s1\">Prise de poste d\u00e8s que possible.<\/span><\/p>\n<p class=\"p1\"><span class=\"s1\">Envoyez votre CV et votre lettre de motivation \u00e0: g.serriot@hpo.fr.<\/span><\/p>\n<p class=\"p1\"><\/div><\/div><\/p>\n<p><code>\u00a0<\/code><\/p>\n<p>&nbsp;<\/p>\n","protected":false},"excerpt":{"rendered":"<p>MISSIONS Lecture de plan Correction de c\u00f4tes, changement de plaquettes Utilisation des moyens de contr\u00f4le dimensionnels\u00a0et de m\u00e9trologie Suivis et contr\u00f4les en cours de production D\u00e9tections de d\u00e9fauts visuel VOTRE PROFIL Exp\u00e9rience de 3 ans minimum sur un poste similaire dans une soci\u00e9t\u00e9 de D\u00e9colletage exig\u00e9e. Esprit d\u2019initiative, Autonomie et Rigueur. D\u00c9TAILS \u00a0Poste bas\u00e9 \u00e0 [&hellip;]<\/p>\n","protected":false},"author":2,"featured_media":0,"parent":0,"menu_order":0,"comment_status":"closed","ping_status":"open","template":"","meta":{"_acf_changed":false,"footnotes":""},"acf":[],"yoast_head":"<!-- This site is optimized with the Yoast SEO plugin v22.5 - https:\/\/yoast.com\/wordpress\/plugins\/seo\/ -->\r\n<title>Careers  - HPO<\/title>\r\n<meta name=\"description\" content=\"CARRI\u00c8RES EMPLOI HOLDING PERRET OLIVIER GROUPE HPO RECRUTEMENT OPPORTUNIT\u00c9S REJOINDRE L&#039;\u00c9QUIPE SAMAT FRAPPE \u00c0 FROID OP\u00c9RATEUR R\u00c9GLEUR\" \/>\r\n<meta name=\"robots\" content=\"index, follow, max-snippet:-1, max-image-preview:large, max-video-preview:-1\" \/>\r\n<link rel=\"canonical\" href=\"https:\/\/www.hpo.fr\/groupe-hpo-carrieres\/\" \/>\r\n<meta property=\"og:locale\" content=\"en_US\" \/>\r\n<meta property=\"og:type\" content=\"article\" \/>\r\n<meta property=\"og:title\" content=\"Careers  - HPO\" \/>\r\n<meta property=\"og:description\" content=\"CARRI\u00c8RES EMPLOI HOLDING PERRET OLIVIER GROUPE HPO RECRUTEMENT OPPORTUNIT\u00c9S REJOINDRE L&#039;\u00c9QUIPE SAMAT FRAPPE \u00c0 FROID OP\u00c9RATEUR R\u00c9GLEUR\" \/>\r\n<meta property=\"og:url\" content=\"https:\/\/www.hpo.fr\/groupe-hpo-carrieres\/\" \/>\r\n<meta property=\"og:site_name\" content=\"HPO\" \/>\r\n<meta property=\"article:modified_time\" content=\"2020-10-09T14:39:00+00:00\" \/>\r\n<meta name=\"twitter:label1\" content=\"Est. reading time\" \/>\n\t<meta name=\"twitter:data1\" content=\"1 minute\" \/>\r\n<script type=\"application\/ld+json\" class=\"yoast-schema-graph\">{\"@context\":\"https:\/\/schema.org\",\"@graph\":[{\"@type\":\"WebPage\",\"@id\":\"https:\/\/www.hpo.fr\/groupe-hpo-carrieres\/\",\"url\":\"https:\/\/www.hpo.fr\/groupe-hpo-carrieres\/\",\"name\":\"Careers - HPO\",\"isPartOf\":{\"@id\":\"https:\/\/www.hpo.fr\/#website\"},\"datePublished\":\"2019-09-24T12:35:41+00:00\",\"dateModified\":\"2020-10-09T14:39:00+00:00\",\"description\":\"CARRI\u00c8RES EMPLOI HOLDING PERRET OLIVIER GROUPE HPO RECRUTEMENT OPPORTUNIT\u00c9S REJOINDRE L'\u00c9QUIPE SAMAT FRAPPE \u00c0 FROID OP\u00c9RATEUR R\u00c9GLEUR\",\"breadcrumb\":{\"@id\":\"https:\/\/www.hpo.fr\/groupe-hpo-carrieres\/#breadcrumb\"},\"inLanguage\":\"en-US\",\"potentialAction\":[{\"@type\":\"ReadAction\",\"target\":[\"https:\/\/www.hpo.fr\/groupe-hpo-carrieres\/\"]}]},{\"@type\":\"BreadcrumbList\",\"@id\":\"https:\/\/www.hpo.fr\/groupe-hpo-carrieres\/#breadcrumb\",\"itemListElement\":[{\"@type\":\"ListItem\",\"position\":1,\"name\":\"Home\",\"item\":\"https:\/\/www.hpo.fr\/en\/\"},{\"@type\":\"ListItem\",\"position\":2,\"name\":\"Careers\"}]},{\"@type\":\"WebSite\",\"@id\":\"https:\/\/www.hpo.fr\/#website\",\"url\":\"https:\/\/www.hpo.fr\/\",\"name\":\"HPO\",\"description\":\"Une offre globale pour la r\u00e9alisation de pi\u00e8ces et sous-ensembles m\u00e9caniques\",\"potentialAction\":[{\"@type\":\"SearchAction\",\"target\":{\"@type\":\"EntryPoint\",\"urlTemplate\":\"https:\/\/www.hpo.fr\/?s={search_term_string}\"},\"query-input\":\"required name=search_term_string\"}],\"inLanguage\":\"en-US\"}]}<\/script>\r\n<!-- \/ Yoast SEO plugin. -->","yoast_head_json":{"title":"Careers  - HPO","description":"CARRI\u00c8RES EMPLOI HOLDING PERRET OLIVIER GROUPE HPO RECRUTEMENT OPPORTUNIT\u00c9S REJOINDRE L'\u00c9QUIPE SAMAT FRAPPE \u00c0 FROID OP\u00c9RATEUR R\u00c9GLEUR","robots":{"index":"index","follow":"follow","max-snippet":"max-snippet:-1","max-image-preview":"max-image-preview:large","max-video-preview":"max-video-preview:-1"},"canonical":"https:\/\/www.hpo.fr\/groupe-hpo-carrieres\/","og_locale":"en_US","og_type":"article","og_title":"Careers  - HPO","og_description":"CARRI\u00c8RES EMPLOI HOLDING PERRET OLIVIER GROUPE HPO RECRUTEMENT OPPORTUNIT\u00c9S REJOINDRE L'\u00c9QUIPE SAMAT FRAPPE \u00c0 FROID OP\u00c9RATEUR R\u00c9GLEUR","og_url":"https:\/\/www.hpo.fr\/groupe-hpo-carrieres\/","og_site_name":"HPO","article_modified_time":"2020-10-09T14:39:00+00:00","twitter_misc":{"Est. reading time":"1 minute"},"schema":{"@context":"https:\/\/schema.org","@graph":[{"@type":"WebPage","@id":"https:\/\/www.hpo.fr\/groupe-hpo-carrieres\/","url":"https:\/\/www.hpo.fr\/groupe-hpo-carrieres\/","name":"Careers - HPO","isPartOf":{"@id":"https:\/\/www.hpo.fr\/#website"},"datePublished":"2019-09-24T12:35:41+00:00","dateModified":"2020-10-09T14:39:00+00:00","description":"CARRI\u00c8RES EMPLOI HOLDING PERRET OLIVIER GROUPE HPO RECRUTEMENT OPPORTUNIT\u00c9S REJOINDRE L'\u00c9QUIPE SAMAT FRAPPE \u00c0 FROID OP\u00c9RATEUR R\u00c9GLEUR","breadcrumb":{"@id":"https:\/\/www.hpo.fr\/groupe-hpo-carrieres\/#breadcrumb"},"inLanguage":"en-US","potentialAction":[{"@type":"ReadAction","target":["https:\/\/www.hpo.fr\/groupe-hpo-carrieres\/"]}]},{"@type":"BreadcrumbList","@id":"https:\/\/www.hpo.fr\/groupe-hpo-carrieres\/#breadcrumb","itemListElement":[{"@type":"ListItem","position":1,"name":"Home","item":"https:\/\/www.hpo.fr\/en\/"},{"@type":"ListItem","position":2,"name":"Careers"}]},{"@type":"WebSite","@id":"https:\/\/www.hpo.fr\/#website","url":"https:\/\/www.hpo.fr\/","name":"HPO","description":"Une offre globale pour la r\u00e9alisation de pi\u00e8ces et sous-ensembles m\u00e9caniques","potentialAction":[{"@type":"SearchAction","target":{"@type":"EntryPoint","urlTemplate":"https:\/\/www.hpo.fr\/?s={search_term_string}"},"query-input":"required name=search_term_string"}],"inLanguage":"en-US"}]}},"_links":{"self":[{"href":"https:\/\/www.hpo.fr\/en\/wp-json\/wp\/v2\/pages\/1391"}],"collection":[{"href":"https:\/\/www.hpo.fr\/en\/wp-json\/wp\/v2\/pages"}],"about":[{"href":"https:\/\/www.hpo.fr\/en\/wp-json\/wp\/v2\/types\/page"}],"author":[{"embeddable":true,"href":"https:\/\/www.hpo.fr\/en\/wp-json\/wp\/v2\/users\/2"}],"replies":[{"embeddable":true,"href":"https:\/\/www.hpo.fr\/en\/wp-json\/wp\/v2\/comments?post=1391"}],"version-history":[{"count":2,"href":"https:\/\/www.hpo.fr\/en\/wp-json\/wp\/v2\/pages\/1391\/revisions"}],"predecessor-version":[{"id":1458,"href":"https:\/\/www.hpo.fr\/en\/wp-json\/wp\/v2\/pages\/1391\/revisions\/1458"}],"wp:attachment":[{"href":"https:\/\/www.hpo.fr\/en\/wp-json\/wp\/v2\/media?parent=1391"}],"curies":[{"name":"wp","href":"https:\/\/api.w.org\/{rel}","templated":true}]}}