{"id":974,"date":"2014-05-30T15:05:33","date_gmt":"2014-05-30T14:05:33","guid":{"rendered":"https:\/\/www.hpo.fr\/contact-2\/"},"modified":"2015-05-26T10:55:58","modified_gmt":"2015-05-26T09:55:58","slug":"kontakt","status":"publish","type":"page","link":"https:\/\/www.hpo.fr\/de\/kontakt\/","title":{"rendered":"Kontakt"},"content":{"rendered":"<h2>Groupe HPO<\/h2>\n<p>Z.I. des L\u00e9ch\u00e8res<\/p>\n<p>F-74460 MARNAZ<\/p>\n<p class=\"tel\"><strong>T\u00e9l :<\/strong>\u00a0+33 (0)4 50 96 10 91<\/p>\n<p class=\"fax\"><strong>Fax :<\/strong>\u00a0+33 (0)4 50 96 12 78<\/p>\n<p><strong>Email :\u00a0<\/strong><a href=\"mailto:hpogroup@hpo.fr\">hpogroup@hpo.fr<\/a><\/p>\n<p><a class=\"site\" href=\"https:\/\/www.hpo.fr\">www.hpo.fr<\/a><\/p>\n","protected":false},"excerpt":{"rendered":"<p>Groupe HPO Z.I. des L\u00e9ch\u00e8res F-74460 MARNAZ T\u00e9l :\u00a0+33 (0)4 50 96 10 91 Fax :\u00a0+33 (0)4 50 96 12 78 Email :\u00a0hpogroup@hpo.fr www.hpo.fr<\/p>\n","protected":false},"author":2,"featured_media":0,"parent":0,"menu_order":0,"comment_status":"closed","ping_status":"open","template":"contact.php","meta":{"_acf_changed":false,"footnotes":""},"acf":[],"yoast_head":"<!-- This site is optimized with the Yoast SEO plugin v22.5 - https:\/\/yoast.com\/wordpress\/plugins\/seo\/ -->\r\n<title>Kontakt - HPO<\/title>\r\n<meta name=\"robots\" content=\"index, follow, max-snippet:-1, max-image-preview:large, max-video-preview:-1\" \/>\r\n<link rel=\"canonical\" href=\"https:\/\/www.hpo.fr\/contact\/\" \/>\r\n<meta property=\"og:locale\" content=\"de_DE\" \/>\r\n<meta property=\"og:type\" content=\"article\" \/>\r\n<meta property=\"og:title\" content=\"Kontakt - HPO\" \/>\r\n<meta property=\"og:description\" content=\"Groupe HPO Z.I. des L\u00e9ch\u00e8res F-74460 MARNAZ T\u00e9l :\u00a0+33 (0)4 50 96 10 91 Fax :\u00a0+33 (0)4 50 96 12 78 Email :\u00a0hpogroup@hpo.fr www.hpo.fr\" \/>\r\n<meta property=\"og:url\" content=\"https:\/\/www.hpo.fr\/contact\/\" \/>\r\n<meta property=\"og:site_name\" content=\"HPO\" \/>\r\n<meta property=\"article:modified_time\" content=\"2015-05-26T09:55:58+00:00\" \/>\r\n<script type=\"application\/ld+json\" class=\"yoast-schema-graph\">{\"@context\":\"https:\/\/schema.org\",\"@graph\":[{\"@type\":\"WebPage\",\"@id\":\"https:\/\/www.hpo.fr\/contact\/\",\"url\":\"https:\/\/www.hpo.fr\/contact\/\",\"name\":\"Kontakt - HPO\",\"isPartOf\":{\"@id\":\"https:\/\/www.hpo.fr\/#website\"},\"datePublished\":\"2014-05-30T14:05:33+00:00\",\"dateModified\":\"2015-05-26T09:55:58+00:00\",\"breadcrumb\":{\"@id\":\"https:\/\/www.hpo.fr\/contact\/#breadcrumb\"},\"inLanguage\":\"de-DE\",\"potentialAction\":[{\"@type\":\"ReadAction\",\"target\":[\"https:\/\/www.hpo.fr\/contact\/\"]}]},{\"@type\":\"BreadcrumbList\",\"@id\":\"https:\/\/www.hpo.fr\/contact\/#breadcrumb\",\"itemListElement\":[{\"@type\":\"ListItem\",\"position\":1,\"name\":\"Home\",\"item\":\"https:\/\/www.hpo.fr\/\"},{\"@type\":\"ListItem\",\"position\":2,\"name\":\"Kontakt\"}]},{\"@type\":\"WebSite\",\"@id\":\"https:\/\/www.hpo.fr\/#website\",\"url\":\"https:\/\/www.hpo.fr\/\",\"name\":\"HPO\",\"description\":\"Une offre globale pour la r\u00e9alisation de pi\u00e8ces et sous-ensembles m\u00e9caniques\",\"potentialAction\":[{\"@type\":\"SearchAction\",\"target\":{\"@type\":\"EntryPoint\",\"urlTemplate\":\"https:\/\/www.hpo.fr\/?s={search_term_string}\"},\"query-input\":\"required name=search_term_string\"}],\"inLanguage\":\"de-DE\"}]}<\/script>\r\n<!-- \/ Yoast SEO plugin. -->","yoast_head_json":{"title":"Kontakt - HPO","robots":{"index":"index","follow":"follow","max-snippet":"max-snippet:-1","max-image-preview":"max-image-preview:large","max-video-preview":"max-video-preview:-1"},"canonical":"https:\/\/www.hpo.fr\/contact\/","og_locale":"de_DE","og_type":"article","og_title":"Kontakt - HPO","og_description":"Groupe HPO Z.I. des L\u00e9ch\u00e8res F-74460 MARNAZ T\u00e9l :\u00a0+33 (0)4 50 96 10 91 Fax :\u00a0+33 (0)4 50 96 12 78 Email :\u00a0hpogroup@hpo.fr www.hpo.fr","og_url":"https:\/\/www.hpo.fr\/contact\/","og_site_name":"HPO","article_modified_time":"2015-05-26T09:55:58+00:00","schema":{"@context":"https:\/\/schema.org","@graph":[{"@type":"WebPage","@id":"https:\/\/www.hpo.fr\/contact\/","url":"https:\/\/www.hpo.fr\/contact\/","name":"Kontakt - HPO","isPartOf":{"@id":"https:\/\/www.hpo.fr\/#website"},"datePublished":"2014-05-30T14:05:33+00:00","dateModified":"2015-05-26T09:55:58+00:00","breadcrumb":{"@id":"https:\/\/www.hpo.fr\/contact\/#breadcrumb"},"inLanguage":"de-DE","potentialAction":[{"@type":"ReadAction","target":["https:\/\/www.hpo.fr\/contact\/"]}]},{"@type":"BreadcrumbList","@id":"https:\/\/www.hpo.fr\/contact\/#breadcrumb","itemListElement":[{"@type":"ListItem","position":1,"name":"Home","item":"https:\/\/www.hpo.fr\/"},{"@type":"ListItem","position":2,"name":"Kontakt"}]},{"@type":"WebSite","@id":"https:\/\/www.hpo.fr\/#website","url":"https:\/\/www.hpo.fr\/","name":"HPO","description":"Une offre globale pour la r\u00e9alisation de pi\u00e8ces et sous-ensembles m\u00e9caniques","potentialAction":[{"@type":"SearchAction","target":{"@type":"EntryPoint","urlTemplate":"https:\/\/www.hpo.fr\/?s={search_term_string}"},"query-input":"required name=search_term_string"}],"inLanguage":"de-DE"}]}},"_links":{"self":[{"href":"https:\/\/www.hpo.fr\/de\/wp-json\/wp\/v2\/pages\/974"}],"collection":[{"href":"https:\/\/www.hpo.fr\/de\/wp-json\/wp\/v2\/pages"}],"about":[{"href":"https:\/\/www.hpo.fr\/de\/wp-json\/wp\/v2\/types\/page"}],"author":[{"embeddable":true,"href":"https:\/\/www.hpo.fr\/de\/wp-json\/wp\/v2\/users\/2"}],"replies":[{"embeddable":true,"href":"https:\/\/www.hpo.fr\/de\/wp-json\/wp\/v2\/comments?post=974"}],"version-history":[{"count":5,"href":"https:\/\/www.hpo.fr\/de\/wp-json\/wp\/v2\/pages\/974\/revisions"}],"predecessor-version":[{"id":1089,"href":"https:\/\/www.hpo.fr\/de\/wp-json\/wp\/v2\/pages\/974\/revisions\/1089"}],"wp:attachment":[{"href":"https:\/\/www.hpo.fr\/de\/wp-json\/wp\/v2\/media?parent=974"}],"curies":[{"name":"wp","href":"https:\/\/api.w.org\/{rel}","templated":true}]}}