{"id":954,"date":"2014-06-05T12:17:40","date_gmt":"2014-06-05T11:17:40","guid":{"rendered":"https:\/\/www.hpo.fr\/decolletage-2\/"},"modified":"2020-10-12T08:20:27","modified_gmt":"2020-10-12T07:20:27","slug":"spanen","status":"publish","type":"page","link":"https:\/\/www.hpo.fr\/de\/solutions\/spanen\/","title":{"rendered":"Spanen"},"content":{"rendered":"<h2 style=\"text-align: left;\"><strong>Spezifisches Fachwissen<\/strong><\/h2>\n<ul style=\"list-style-type: disc; text-align: left;\">\n<li>Spanen<\/li>\n<li>Mikrobearbeitung<\/li>\n<\/ul>\n<h2 style=\"text-align: left;\"><strong>Produktionskapazit\u00e4t<\/strong><\/h2>\n<ul style=\"list-style-type: disc; text-align: left;\">\n<li>Durchmesser 0,3 &#8211; 65 mm<\/li>\n<li>L\u00e4nge 300 mm<\/li>\n<\/ul>\n<h2 style=\"text-align: left;\"><strong>Maschinenpark<\/strong><\/h2>\n<ul style=\"list-style-type: disc; text-align: left;\">\n<li>45 automatische Mehrspindeldrehm<\/li>\n<li>10 CNC-Mehrspindeldrehmaschinen<\/li>\n<li>10 CNC-Langdrehmaschinen<\/li>\n<li>23 CNC-Revolverdrehmaschinen<\/li>\n<\/ul>\n","protected":false},"excerpt":{"rendered":"<p>Spezifisches Fachwissen Spanen Mikrobearbeitung Produktionskapazit\u00e4t Durchmesser 0,3 &#8211; 65 mm L\u00e4nge 300 mm Maschinenpark 45 automatische Mehrspindeldrehm 10 CNC-Mehrspindeldrehmaschinen 10 CNC-Langdrehmaschinen 23 CNC-Revolverdrehmaschinen<\/p>\n","protected":false},"author":2,"featured_media":0,"parent":1020,"menu_order":0,"comment_status":"closed","ping_status":"open","template":"","meta":{"_acf_changed":false,"footnotes":""},"acf":[],"yoast_head":"<!-- This site is optimized with the Yoast SEO plugin v22.5 - https:\/\/yoast.com\/wordpress\/plugins\/seo\/ -->\r\n<title>Spanen - HPO<\/title>\r\n<meta name=\"robots\" content=\"index, follow, max-snippet:-1, max-image-preview:large, max-video-preview:-1\" \/>\r\n<link rel=\"canonical\" href=\"https:\/\/www.hpo.fr\/solutions\/decolletage\/\" \/>\r\n<meta property=\"og:locale\" content=\"de_DE\" \/>\r\n<meta property=\"og:type\" content=\"article\" \/>\r\n<meta property=\"og:title\" content=\"Spanen - HPO\" \/>\r\n<meta property=\"og:description\" content=\"Spezifisches Fachwissen Spanen Mikrobearbeitung Produktionskapazit\u00e4t Durchmesser 0,3 &#8211; 65 mm L\u00e4nge 300 mm Maschinenpark 45 automatische Mehrspindeldrehm 10 CNC-Mehrspindeldrehmaschinen 10 CNC-Langdrehmaschinen 23 CNC-Revolverdrehmaschinen\" \/>\r\n<meta property=\"og:url\" content=\"https:\/\/www.hpo.fr\/solutions\/decolletage\/\" \/>\r\n<meta property=\"og:site_name\" content=\"HPO\" \/>\r\n<meta property=\"article:modified_time\" content=\"2020-10-12T07:20:27+00:00\" \/>\r\n<script type=\"application\/ld+json\" class=\"yoast-schema-graph\">{\"@context\":\"https:\/\/schema.org\",\"@graph\":[{\"@type\":\"WebPage\",\"@id\":\"https:\/\/www.hpo.fr\/solutions\/decolletage\/\",\"url\":\"https:\/\/www.hpo.fr\/solutions\/decolletage\/\",\"name\":\"Spanen - HPO\",\"isPartOf\":{\"@id\":\"https:\/\/www.hpo.fr\/#website\"},\"datePublished\":\"2014-06-05T11:17:40+00:00\",\"dateModified\":\"2020-10-12T07:20:27+00:00\",\"breadcrumb\":{\"@id\":\"https:\/\/www.hpo.fr\/solutions\/decolletage\/#breadcrumb\"},\"inLanguage\":\"de-DE\",\"potentialAction\":[{\"@type\":\"ReadAction\",\"target\":[\"https:\/\/www.hpo.fr\/solutions\/decolletage\/\"]}]},{\"@type\":\"BreadcrumbList\",\"@id\":\"https:\/\/www.hpo.fr\/solutions\/decolletage\/#breadcrumb\",\"itemListElement\":[{\"@type\":\"ListItem\",\"position\":1,\"name\":\"Home\",\"item\":\"https:\/\/www.hpo.fr\/\"},{\"@type\":\"ListItem\",\"position\":2,\"name\":\"L\u00f6sungen\",\"item\":\"https:\/\/www.hpo.fr\/solutions\/\"},{\"@type\":\"ListItem\",\"position\":3,\"name\":\"Spanen\"}]},{\"@type\":\"WebSite\",\"@id\":\"https:\/\/www.hpo.fr\/#website\",\"url\":\"https:\/\/www.hpo.fr\/\",\"name\":\"HPO\",\"description\":\"Une offre globale pour la r\u00e9alisation de pi\u00e8ces et sous-ensembles m\u00e9caniques\",\"potentialAction\":[{\"@type\":\"SearchAction\",\"target\":{\"@type\":\"EntryPoint\",\"urlTemplate\":\"https:\/\/www.hpo.fr\/?s={search_term_string}\"},\"query-input\":\"required name=search_term_string\"}],\"inLanguage\":\"de-DE\"}]}<\/script>\r\n<!-- \/ Yoast SEO plugin. -->","yoast_head_json":{"title":"Spanen - HPO","robots":{"index":"index","follow":"follow","max-snippet":"max-snippet:-1","max-image-preview":"max-image-preview:large","max-video-preview":"max-video-preview:-1"},"canonical":"https:\/\/www.hpo.fr\/solutions\/decolletage\/","og_locale":"de_DE","og_type":"article","og_title":"Spanen - HPO","og_description":"Spezifisches Fachwissen Spanen Mikrobearbeitung Produktionskapazit\u00e4t Durchmesser 0,3 &#8211; 65 mm L\u00e4nge 300 mm Maschinenpark 45 automatische Mehrspindeldrehm 10 CNC-Mehrspindeldrehmaschinen 10 CNC-Langdrehmaschinen 23 CNC-Revolverdrehmaschinen","og_url":"https:\/\/www.hpo.fr\/solutions\/decolletage\/","og_site_name":"HPO","article_modified_time":"2020-10-12T07:20:27+00:00","schema":{"@context":"https:\/\/schema.org","@graph":[{"@type":"WebPage","@id":"https:\/\/www.hpo.fr\/solutions\/decolletage\/","url":"https:\/\/www.hpo.fr\/solutions\/decolletage\/","name":"Spanen - HPO","isPartOf":{"@id":"https:\/\/www.hpo.fr\/#website"},"datePublished":"2014-06-05T11:17:40+00:00","dateModified":"2020-10-12T07:20:27+00:00","breadcrumb":{"@id":"https:\/\/www.hpo.fr\/solutions\/decolletage\/#breadcrumb"},"inLanguage":"de-DE","potentialAction":[{"@type":"ReadAction","target":["https:\/\/www.hpo.fr\/solutions\/decolletage\/"]}]},{"@type":"BreadcrumbList","@id":"https:\/\/www.hpo.fr\/solutions\/decolletage\/#breadcrumb","itemListElement":[{"@type":"ListItem","position":1,"name":"Home","item":"https:\/\/www.hpo.fr\/"},{"@type":"ListItem","position":2,"name":"L\u00f6sungen","item":"https:\/\/www.hpo.fr\/solutions\/"},{"@type":"ListItem","position":3,"name":"Spanen"}]},{"@type":"WebSite","@id":"https:\/\/www.hpo.fr\/#website","url":"https:\/\/www.hpo.fr\/","name":"HPO","description":"Une offre globale pour la r\u00e9alisation de pi\u00e8ces et sous-ensembles m\u00e9caniques","potentialAction":[{"@type":"SearchAction","target":{"@type":"EntryPoint","urlTemplate":"https:\/\/www.hpo.fr\/?s={search_term_string}"},"query-input":"required name=search_term_string"}],"inLanguage":"de-DE"}]}},"_links":{"self":[{"href":"https:\/\/www.hpo.fr\/de\/wp-json\/wp\/v2\/pages\/954"}],"collection":[{"href":"https:\/\/www.hpo.fr\/de\/wp-json\/wp\/v2\/pages"}],"about":[{"href":"https:\/\/www.hpo.fr\/de\/wp-json\/wp\/v2\/types\/page"}],"author":[{"embeddable":true,"href":"https:\/\/www.hpo.fr\/de\/wp-json\/wp\/v2\/users\/2"}],"replies":[{"embeddable":true,"href":"https:\/\/www.hpo.fr\/de\/wp-json\/wp\/v2\/comments?post=954"}],"version-history":[{"count":4,"href":"https:\/\/www.hpo.fr\/de\/wp-json\/wp\/v2\/pages\/954\/revisions"}],"predecessor-version":[{"id":1466,"href":"https:\/\/www.hpo.fr\/de\/wp-json\/wp\/v2\/pages\/954\/revisions\/1466"}],"up":[{"embeddable":true,"href":"https:\/\/www.hpo.fr\/de\/wp-json\/wp\/v2\/pages\/1020"}],"wp:attachment":[{"href":"https:\/\/www.hpo.fr\/de\/wp-json\/wp\/v2\/media?parent=954"}],"curies":[{"name":"wp","href":"https:\/\/api.w.org\/{rel}","templated":true}]}}