{"id":946,"date":"2014-06-05T13:53:37","date_gmt":"2014-06-05T12:53:37","guid":{"rendered":"https:\/\/www.hpo.fr\/connectique-2\/"},"modified":"2015-05-25T10:07:41","modified_gmt":"2015-05-25T09:07:41","slug":"datenubertragung","status":"publish","type":"page","link":"https:\/\/www.hpo.fr\/de\/leistungsbereiche\/datenubertragung\/","title":{"rendered":"Daten\u00fcbertragung"},"content":{"rendered":"<p style=\"text-align: left;\">Passgenaue Verbindungselemente<br \/>\nf\u00fcr Pr\u00e4zisionsarbeiten :<\/p>\n<ul style=\"list-style-type: disc;\">\n<li style=\"text-align: left;\">Luftfahrt,<\/li>\n<li style=\"text-align: left;\">Raumfahrt,<\/li>\n<li style=\"text-align: left;\">Telekommunikation\u2026<\/li>\n<\/ul>\n","protected":false},"excerpt":{"rendered":"<p>Passgenaue Verbindungselemente f\u00fcr Pr\u00e4zisionsarbeiten : Luftfahrt, Raumfahrt, Telekommunikation\u2026<\/p>\n","protected":false},"author":2,"featured_media":0,"parent":978,"menu_order":0,"comment_status":"closed","ping_status":"closed","template":"","meta":{"_acf_changed":false,"footnotes":""},"acf":[],"yoast_head":"<!-- This site is optimized with the Yoast SEO plugin v22.5 - https:\/\/yoast.com\/wordpress\/plugins\/seo\/ -->\r\n<title>Daten\u00fcbertragung - HPO<\/title>\r\n<meta name=\"robots\" content=\"index, follow, max-snippet:-1, max-image-preview:large, max-video-preview:-1\" \/>\r\n<link rel=\"canonical\" href=\"https:\/\/www.hpo.fr\/secteurs-dactivite\/connectique\/\" \/>\r\n<meta property=\"og:locale\" content=\"de_DE\" \/>\r\n<meta property=\"og:type\" content=\"article\" \/>\r\n<meta property=\"og:title\" content=\"Daten\u00fcbertragung - HPO\" \/>\r\n<meta property=\"og:description\" content=\"Passgenaue Verbindungselemente f\u00fcr Pr\u00e4zisionsarbeiten : Luftfahrt, Raumfahrt, Telekommunikation\u2026\" \/>\r\n<meta property=\"og:url\" content=\"https:\/\/www.hpo.fr\/secteurs-dactivite\/connectique\/\" \/>\r\n<meta property=\"og:site_name\" content=\"HPO\" \/>\r\n<meta property=\"article:modified_time\" content=\"2015-05-25T09:07:41+00:00\" \/>\r\n<script type=\"application\/ld+json\" class=\"yoast-schema-graph\">{\"@context\":\"https:\/\/schema.org\",\"@graph\":[{\"@type\":\"WebPage\",\"@id\":\"https:\/\/www.hpo.fr\/secteurs-dactivite\/connectique\/\",\"url\":\"https:\/\/www.hpo.fr\/secteurs-dactivite\/connectique\/\",\"name\":\"Daten\u00fcbertragung - HPO\",\"isPartOf\":{\"@id\":\"https:\/\/www.hpo.fr\/#website\"},\"datePublished\":\"2014-06-05T12:53:37+00:00\",\"dateModified\":\"2015-05-25T09:07:41+00:00\",\"breadcrumb\":{\"@id\":\"https:\/\/www.hpo.fr\/secteurs-dactivite\/connectique\/#breadcrumb\"},\"inLanguage\":\"de-DE\",\"potentialAction\":[{\"@type\":\"ReadAction\",\"target\":[\"https:\/\/www.hpo.fr\/secteurs-dactivite\/connectique\/\"]}]},{\"@type\":\"BreadcrumbList\",\"@id\":\"https:\/\/www.hpo.fr\/secteurs-dactivite\/connectique\/#breadcrumb\",\"itemListElement\":[{\"@type\":\"ListItem\",\"position\":1,\"name\":\"Home\",\"item\":\"https:\/\/www.hpo.fr\/\"},{\"@type\":\"ListItem\",\"position\":2,\"name\":\"Leistungsbereiche\",\"item\":\"https:\/\/www.hpo.fr\/secteurs-dactivite\/\"},{\"@type\":\"ListItem\",\"position\":3,\"name\":\"Daten\u00fcbertragung\"}]},{\"@type\":\"WebSite\",\"@id\":\"https:\/\/www.hpo.fr\/#website\",\"url\":\"https:\/\/www.hpo.fr\/\",\"name\":\"HPO\",\"description\":\"Une offre globale pour la r\u00e9alisation de pi\u00e8ces et sous-ensembles m\u00e9caniques\",\"potentialAction\":[{\"@type\":\"SearchAction\",\"target\":{\"@type\":\"EntryPoint\",\"urlTemplate\":\"https:\/\/www.hpo.fr\/?s={search_term_string}\"},\"query-input\":\"required name=search_term_string\"}],\"inLanguage\":\"de-DE\"}]}<\/script>\r\n<!-- \/ Yoast SEO plugin. -->","yoast_head_json":{"title":"Daten\u00fcbertragung - HPO","robots":{"index":"index","follow":"follow","max-snippet":"max-snippet:-1","max-image-preview":"max-image-preview:large","max-video-preview":"max-video-preview:-1"},"canonical":"https:\/\/www.hpo.fr\/secteurs-dactivite\/connectique\/","og_locale":"de_DE","og_type":"article","og_title":"Daten\u00fcbertragung - HPO","og_description":"Passgenaue Verbindungselemente f\u00fcr Pr\u00e4zisionsarbeiten : Luftfahrt, Raumfahrt, Telekommunikation\u2026","og_url":"https:\/\/www.hpo.fr\/secteurs-dactivite\/connectique\/","og_site_name":"HPO","article_modified_time":"2015-05-25T09:07:41+00:00","schema":{"@context":"https:\/\/schema.org","@graph":[{"@type":"WebPage","@id":"https:\/\/www.hpo.fr\/secteurs-dactivite\/connectique\/","url":"https:\/\/www.hpo.fr\/secteurs-dactivite\/connectique\/","name":"Daten\u00fcbertragung - HPO","isPartOf":{"@id":"https:\/\/www.hpo.fr\/#website"},"datePublished":"2014-06-05T12:53:37+00:00","dateModified":"2015-05-25T09:07:41+00:00","breadcrumb":{"@id":"https:\/\/www.hpo.fr\/secteurs-dactivite\/connectique\/#breadcrumb"},"inLanguage":"de-DE","potentialAction":[{"@type":"ReadAction","target":["https:\/\/www.hpo.fr\/secteurs-dactivite\/connectique\/"]}]},{"@type":"BreadcrumbList","@id":"https:\/\/www.hpo.fr\/secteurs-dactivite\/connectique\/#breadcrumb","itemListElement":[{"@type":"ListItem","position":1,"name":"Home","item":"https:\/\/www.hpo.fr\/"},{"@type":"ListItem","position":2,"name":"Leistungsbereiche","item":"https:\/\/www.hpo.fr\/secteurs-dactivite\/"},{"@type":"ListItem","position":3,"name":"Daten\u00fcbertragung"}]},{"@type":"WebSite","@id":"https:\/\/www.hpo.fr\/#website","url":"https:\/\/www.hpo.fr\/","name":"HPO","description":"Une offre globale pour la r\u00e9alisation de pi\u00e8ces et sous-ensembles m\u00e9caniques","potentialAction":[{"@type":"SearchAction","target":{"@type":"EntryPoint","urlTemplate":"https:\/\/www.hpo.fr\/?s={search_term_string}"},"query-input":"required name=search_term_string"}],"inLanguage":"de-DE"}]}},"_links":{"self":[{"href":"https:\/\/www.hpo.fr\/de\/wp-json\/wp\/v2\/pages\/946"}],"collection":[{"href":"https:\/\/www.hpo.fr\/de\/wp-json\/wp\/v2\/pages"}],"about":[{"href":"https:\/\/www.hpo.fr\/de\/wp-json\/wp\/v2\/types\/page"}],"author":[{"embeddable":true,"href":"https:\/\/www.hpo.fr\/de\/wp-json\/wp\/v2\/users\/2"}],"replies":[{"embeddable":true,"href":"https:\/\/www.hpo.fr\/de\/wp-json\/wp\/v2\/comments?post=946"}],"version-history":[{"count":3,"href":"https:\/\/www.hpo.fr\/de\/wp-json\/wp\/v2\/pages\/946\/revisions"}],"predecessor-version":[{"id":1013,"href":"https:\/\/www.hpo.fr\/de\/wp-json\/wp\/v2\/pages\/946\/revisions\/1013"}],"up":[{"embeddable":true,"href":"https:\/\/www.hpo.fr\/de\/wp-json\/wp\/v2\/pages\/978"}],"wp:attachment":[{"href":"https:\/\/www.hpo.fr\/de\/wp-json\/wp\/v2\/media?parent=946"}],"curies":[{"name":"wp","href":"https:\/\/api.w.org\/{rel}","templated":true}]}}