{"id":942,"date":"2014-06-05T13:49:24","date_gmt":"2014-06-05T12:49:24","guid":{"rendered":"https:\/\/www.hpo.fr\/lautomobile-2\/"},"modified":"2015-05-25T09:58:59","modified_gmt":"2015-05-25T08:58:59","slug":"automobilindustrie","status":"publish","type":"page","link":"https:\/\/www.hpo.fr\/de\/leistungsbereiche\/automobilindustrie\/","title":{"rendered":"Automobilindustrie"},"content":{"rendered":"<h2>1. Komfort<\/h2>\n<p>Fahrzeugklima<\/p>\n<h2>2. Motor<\/h2>\n<p>Turbolader, Direkteinspritzung, Nockenwellen\u2026<\/p>\n<h2>3. Befestigungen, Scharniere, Gelenkverbindungen<\/h2>\n<p>T\u00fcrscharniere, Befestigungselemente\u2026<\/p>\n<h2>4. Fahrgestell, Fahrwerk<\/h2>\n<p>Bremssysteme, Sto\u00dfd\u00e4mpfer\u2026<\/p>\n<h2>5. Sicherheit<\/h2>\n<p>Airbags, Reifenventile\u2026<\/p>\n","protected":false},"excerpt":{"rendered":"<p>1. Komfort Fahrzeugklima 2. Motor Turbolader, Direkteinspritzung, Nockenwellen\u2026 3. Befestigungen, Scharniere, Gelenkverbindungen T\u00fcrscharniere, Befestigungselemente\u2026 4. Fahrgestell, Fahrwerk Bremssysteme, Sto\u00dfd\u00e4mpfer\u2026 5. Sicherheit Airbags, Reifenventile\u2026<\/p>\n","protected":false},"author":2,"featured_media":0,"parent":978,"menu_order":0,"comment_status":"closed","ping_status":"open","template":"","meta":{"_acf_changed":false,"footnotes":""},"acf":[],"yoast_head":"<!-- This site is optimized with the Yoast SEO plugin v22.5 - https:\/\/yoast.com\/wordpress\/plugins\/seo\/ -->\r\n<title>Automobilindustrie - HPO<\/title>\r\n<meta name=\"robots\" content=\"index, follow, max-snippet:-1, max-image-preview:large, max-video-preview:-1\" \/>\r\n<link rel=\"canonical\" href=\"https:\/\/www.hpo.fr\/secteurs-dactivite\/lautomobile\/\" \/>\r\n<meta property=\"og:locale\" content=\"de_DE\" \/>\r\n<meta property=\"og:type\" content=\"article\" \/>\r\n<meta property=\"og:title\" content=\"Automobilindustrie - HPO\" \/>\r\n<meta property=\"og:description\" content=\"1. Komfort Fahrzeugklima 2. Motor Turbolader, Direkteinspritzung, Nockenwellen\u2026 3. Befestigungen, Scharniere, Gelenkverbindungen T\u00fcrscharniere, Befestigungselemente\u2026 4. Fahrgestell, Fahrwerk Bremssysteme, Sto\u00dfd\u00e4mpfer\u2026 5. Sicherheit Airbags, Reifenventile\u2026\" \/>\r\n<meta property=\"og:url\" content=\"https:\/\/www.hpo.fr\/secteurs-dactivite\/lautomobile\/\" \/>\r\n<meta property=\"og:site_name\" content=\"HPO\" \/>\r\n<meta property=\"article:modified_time\" content=\"2015-05-25T08:58:59+00:00\" \/>\r\n<script type=\"application\/ld+json\" class=\"yoast-schema-graph\">{\"@context\":\"https:\/\/schema.org\",\"@graph\":[{\"@type\":\"WebPage\",\"@id\":\"https:\/\/www.hpo.fr\/secteurs-dactivite\/lautomobile\/\",\"url\":\"https:\/\/www.hpo.fr\/secteurs-dactivite\/lautomobile\/\",\"name\":\"Automobilindustrie - HPO\",\"isPartOf\":{\"@id\":\"https:\/\/www.hpo.fr\/#website\"},\"datePublished\":\"2014-06-05T12:49:24+00:00\",\"dateModified\":\"2015-05-25T08:58:59+00:00\",\"breadcrumb\":{\"@id\":\"https:\/\/www.hpo.fr\/secteurs-dactivite\/lautomobile\/#breadcrumb\"},\"inLanguage\":\"de-DE\",\"potentialAction\":[{\"@type\":\"ReadAction\",\"target\":[\"https:\/\/www.hpo.fr\/secteurs-dactivite\/lautomobile\/\"]}]},{\"@type\":\"BreadcrumbList\",\"@id\":\"https:\/\/www.hpo.fr\/secteurs-dactivite\/lautomobile\/#breadcrumb\",\"itemListElement\":[{\"@type\":\"ListItem\",\"position\":1,\"name\":\"Home\",\"item\":\"https:\/\/www.hpo.fr\/\"},{\"@type\":\"ListItem\",\"position\":2,\"name\":\"Leistungsbereiche\",\"item\":\"https:\/\/www.hpo.fr\/secteurs-dactivite\/\"},{\"@type\":\"ListItem\",\"position\":3,\"name\":\"Automobilindustrie\"}]},{\"@type\":\"WebSite\",\"@id\":\"https:\/\/www.hpo.fr\/#website\",\"url\":\"https:\/\/www.hpo.fr\/\",\"name\":\"HPO\",\"description\":\"Une offre globale pour la r\u00e9alisation de pi\u00e8ces et sous-ensembles m\u00e9caniques\",\"potentialAction\":[{\"@type\":\"SearchAction\",\"target\":{\"@type\":\"EntryPoint\",\"urlTemplate\":\"https:\/\/www.hpo.fr\/?s={search_term_string}\"},\"query-input\":\"required name=search_term_string\"}],\"inLanguage\":\"de-DE\"}]}<\/script>\r\n<!-- \/ Yoast SEO plugin. -->","yoast_head_json":{"title":"Automobilindustrie - HPO","robots":{"index":"index","follow":"follow","max-snippet":"max-snippet:-1","max-image-preview":"max-image-preview:large","max-video-preview":"max-video-preview:-1"},"canonical":"https:\/\/www.hpo.fr\/secteurs-dactivite\/lautomobile\/","og_locale":"de_DE","og_type":"article","og_title":"Automobilindustrie - HPO","og_description":"1. Komfort Fahrzeugklima 2. Motor Turbolader, Direkteinspritzung, Nockenwellen\u2026 3. Befestigungen, Scharniere, Gelenkverbindungen T\u00fcrscharniere, Befestigungselemente\u2026 4. Fahrgestell, Fahrwerk Bremssysteme, Sto\u00dfd\u00e4mpfer\u2026 5. Sicherheit Airbags, Reifenventile\u2026","og_url":"https:\/\/www.hpo.fr\/secteurs-dactivite\/lautomobile\/","og_site_name":"HPO","article_modified_time":"2015-05-25T08:58:59+00:00","schema":{"@context":"https:\/\/schema.org","@graph":[{"@type":"WebPage","@id":"https:\/\/www.hpo.fr\/secteurs-dactivite\/lautomobile\/","url":"https:\/\/www.hpo.fr\/secteurs-dactivite\/lautomobile\/","name":"Automobilindustrie - HPO","isPartOf":{"@id":"https:\/\/www.hpo.fr\/#website"},"datePublished":"2014-06-05T12:49:24+00:00","dateModified":"2015-05-25T08:58:59+00:00","breadcrumb":{"@id":"https:\/\/www.hpo.fr\/secteurs-dactivite\/lautomobile\/#breadcrumb"},"inLanguage":"de-DE","potentialAction":[{"@type":"ReadAction","target":["https:\/\/www.hpo.fr\/secteurs-dactivite\/lautomobile\/"]}]},{"@type":"BreadcrumbList","@id":"https:\/\/www.hpo.fr\/secteurs-dactivite\/lautomobile\/#breadcrumb","itemListElement":[{"@type":"ListItem","position":1,"name":"Home","item":"https:\/\/www.hpo.fr\/"},{"@type":"ListItem","position":2,"name":"Leistungsbereiche","item":"https:\/\/www.hpo.fr\/secteurs-dactivite\/"},{"@type":"ListItem","position":3,"name":"Automobilindustrie"}]},{"@type":"WebSite","@id":"https:\/\/www.hpo.fr\/#website","url":"https:\/\/www.hpo.fr\/","name":"HPO","description":"Une offre globale pour la r\u00e9alisation de pi\u00e8ces et sous-ensembles m\u00e9caniques","potentialAction":[{"@type":"SearchAction","target":{"@type":"EntryPoint","urlTemplate":"https:\/\/www.hpo.fr\/?s={search_term_string}"},"query-input":"required name=search_term_string"}],"inLanguage":"de-DE"}]}},"_links":{"self":[{"href":"https:\/\/www.hpo.fr\/de\/wp-json\/wp\/v2\/pages\/942"}],"collection":[{"href":"https:\/\/www.hpo.fr\/de\/wp-json\/wp\/v2\/pages"}],"about":[{"href":"https:\/\/www.hpo.fr\/de\/wp-json\/wp\/v2\/types\/page"}],"author":[{"embeddable":true,"href":"https:\/\/www.hpo.fr\/de\/wp-json\/wp\/v2\/users\/2"}],"replies":[{"embeddable":true,"href":"https:\/\/www.hpo.fr\/de\/wp-json\/wp\/v2\/comments?post=942"}],"version-history":[{"count":3,"href":"https:\/\/www.hpo.fr\/de\/wp-json\/wp\/v2\/pages\/942\/revisions"}],"predecessor-version":[{"id":1011,"href":"https:\/\/www.hpo.fr\/de\/wp-json\/wp\/v2\/pages\/942\/revisions\/1011"}],"up":[{"embeddable":true,"href":"https:\/\/www.hpo.fr\/de\/wp-json\/wp\/v2\/pages\/978"}],"wp:attachment":[{"href":"https:\/\/www.hpo.fr\/de\/wp-json\/wp\/v2\/media?parent=942"}],"curies":[{"name":"wp","href":"https:\/\/api.w.org\/{rel}","templated":true}]}}